{"id":1013,"date":"2018-05-11T10:35:39","date_gmt":"2018-05-11T08:35:39","guid":{"rendered":"http:\/\/asintel.net\/empresa\/"},"modified":"2026-03-26T20:11:21","modified_gmt":"2026-03-26T19:11:21","slug":"enterprise","status":"publish","type":"page","link":"https:\/\/asintel.net\/en\/enterprise\/","title":{"rendered":"Enterprise"},"content":{"rendered":"<p>[et_pb_section fb_built=&#8221;1&#8243; fullwidth=&#8221;on&#8221; _builder_version=&#8221;4.16&#8243; global_colors_info=&#8221;{}&#8221;][et_pb_fullwidth_header title=&#8221;<b>en<\/b>terprise&#8221; text_orientation=&#8221;center&#8221; header_fullscreen=&#8221;on&#8221; header_scroll_down=&#8221;on&#8221; scroll_down_icon=&#8221;%%1%%&#8221; scroll_down_icon_color=&#8221;#ff0000&#8243; scroll_down_icon_size=&#8221;30px&#8221; image_orientation=&#8221;bottom&#8221; admin_label=&#8221;T\u00edtulo p\u00e1gina&#8221; module_class=&#8221;page-title&#8221; _builder_version=&#8221;4.16&#8243; title_text_color=&#8221;#ff0000&#8243; title_font_size=&#8221;60px&#8221; title_letter_spacing=&#8221;-4px&#8221; use_background_color_gradient=&#8221;on&#8221; background_image=&#8221;https:\/\/asintel.net\/wp-content\/uploads\/2018\/06\/img-informatica.jpg&#8221; parallax=&#8221;on&#8221; parallax_method=&#8221;on&#8221; animation_style=&#8221;fade&#8221; title_font_size_tablet=&#8221;40px&#8221; title_font_size_phone=&#8221;&#8221; title_font_size_last_edited=&#8221;on|phone&#8221; button_one_letter_spacing_hover=&#8221;0&#8243; button_two_letter_spacing_hover=&#8221;0&#8243; global_colors_info=&#8221;{}&#8221; button_one_text_size__hover_enabled=&#8221;off&#8221; button_two_text_size__hover_enabled=&#8221;off&#8221; button_one_text_color__hover_enabled=&#8221;off&#8221; button_two_text_color__hover_enabled=&#8221;off&#8221; button_one_border_width__hover_enabled=&#8221;off&#8221; button_two_border_width__hover_enabled=&#8221;off&#8221; button_one_border_color__hover_enabled=&#8221;off&#8221; button_two_border_color__hover_enabled=&#8221;off&#8221; button_one_border_radius__hover_enabled=&#8221;off&#8221; button_two_border_radius__hover_enabled=&#8221;off&#8221; button_one_letter_spacing__hover_enabled=&#8221;on&#8221; button_one_letter_spacing__hover=&#8221;0&#8243; button_two_letter_spacing__hover_enabled=&#8221;on&#8221; button_two_letter_spacing__hover=&#8221;0&#8243; button_one_bg_color__hover_enabled=&#8221;off&#8221; button_two_bg_color__hover_enabled=&#8221;off&#8221;][\/et_pb_fullwidth_header][\/et_pb_section][et_pb_section fb_built=&#8221;1&#8243; _builder_version=&#8221;4.16&#8243; global_colors_info=&#8221;{}&#8221;][et_pb_row column_structure=&#8221;2_3,1_3&#8243; _builder_version=&#8221;4.16&#8243; background_size=&#8221;initial&#8221; background_position=&#8221;top_left&#8221; background_repeat=&#8221;repeat&#8221; global_colors_info=&#8221;{}&#8221;][et_pb_column type=&#8221;2_3&#8243; _builder_version=&#8221;4.16&#8243; custom_padding=&#8221;|||&#8221; global_colors_info=&#8221;{}&#8221; custom_padding__hover=&#8221;|||&#8221;][et_pb_text _builder_version=&#8221;4.16&#8243; global_colors_info=&#8221;{}&#8221;]<b>ASINTEL<\/b><span style=\"font-weight: 400;\"> is a global communication services, maintenance and communication systems engineering company.<\/span><\/p>\n<p><span style=\"font-weight: 400;\">It was founded in 1988 to provide telecommunications advisory and engineering services to FECSA \u2013 ENDESA and GAS NATURAL.<\/span><\/p>\n<p><span style=\"font-weight: 400;\">It is currently located in Sant Cugat del Vall\u00e8s in 180\u00a0m<\/span><span style=\"font-weight: 400;\">2<\/span><span style=\"font-weight: 400;\"> premises, with offices, warehouse, workshop and laboratory. It also has a regional office in L\u2019Hospitalet de l\u2019Infant (Tarragona).<\/span><\/p>\n<p><span style=\"font-weight: 400;\">The company has a fleet of its own 4&#215;4 vehicles, vans and cars. It owns the software and the electronic and measuring equipment necessary for the successful performance of the work that it is commissioned to undertake.<\/span><\/p>\n<p><span style=\"font-weight: 400;\">The company focuses its activity on the telecommunications sector, both cable systems (optical and electric), and wireless systems (PMR, DMR, TETRA, Wi-Fi, WiMAX, radio links, etc.), to supply a global communications service.<\/span><br \/>\n[\/et_pb_text][\/et_pb_column][et_pb_column type=&#8221;1_3&#8243; _builder_version=&#8221;4.16&#8243; custom_padding=&#8221;|||&#8221; global_colors_info=&#8221;{}&#8221; custom_padding__hover=&#8221;|||&#8221;][et_pb_text disabled_on=&#8221;on||&#8221; module_class=&#8221;imagotip&#8221; _builder_version=&#8221;4.16&#8243; text_font=&#8221;|700|||||||&#8221; text_text_color=&#8221;rgba(255,0,0,0.07)&#8221; text_font_size=&#8221;480px&#8221; custom_margin=&#8221;80px||80px|&#8221; animation_style=&#8221;fade&#8221; global_colors_info=&#8221;{}&#8221;]a<br \/>\n[\/et_pb_text][\/et_pb_column][\/et_pb_row][\/et_pb_section][et_pb_section fb_built=&#8221;1&#8243; _builder_version=&#8221;4.16&#8243; background_color=&#8221;#f1f1f1&#8243; border_width_all=&#8221;1px&#8221; border_color_all=&#8221;rgba(51,51,51,0.1)&#8221; global_colors_info=&#8221;{}&#8221;][et_pb_row _builder_version=&#8221;4.16&#8243; background_size=&#8221;initial&#8221; background_position=&#8221;top_left&#8221; background_repeat=&#8221;repeat&#8221; global_colors_info=&#8221;{}&#8221;][et_pb_column type=&#8221;4_4&#8243; _builder_version=&#8221;4.16&#8243; custom_padding=&#8221;|||&#8221; global_colors_info=&#8221;{}&#8221; custom_padding__hover=&#8221;|||&#8221;][et_pb_text module_class=&#8221;resum check-list&#8221; _builder_version=&#8221;4.16&#8243; global_colors_info=&#8221;{}&#8221;]<strong>In general, we currently perform the following work:<\/strong><\/p>\n<ul>\n<li>Advisory service, engineering, communications infrastructures and systems design.<\/li>\n<li>Supply of equipment, installations and setting-up of communication systems.<\/li>\n<li>Global turnkey projects from the first consultation, site management and right up to the completed and documented project is delivered.<\/li>\n<li>Coverage, field measurements, communications system feasibility studies and audits.<\/li>\n<li>24\/7 maintenance of different types of equipment, communications systems (cable or radio), and infrastructures.<\/li>\n<li>Official telecommunications operator (CNMC), providing data, Internet and mobile communications services.<\/li>\n<\/ul>\n<p>[\/et_pb_text][\/et_pb_column][\/et_pb_row][et_pb_row column_structure=&#8221;1_3,1_3,1_3&#8243; _builder_version=&#8221;4.16&#8243; background_size=&#8221;initial&#8221; background_position=&#8221;top_left&#8221; background_repeat=&#8221;repeat&#8221; global_colors_info=&#8221;{}&#8221;][et_pb_column type=&#8221;1_3&#8243; _builder_version=&#8221;4.16&#8243; custom_padding=&#8221;|||&#8221; global_colors_info=&#8221;{}&#8221; custom_padding__hover=&#8221;|||&#8221;][et_pb_image src=&#8221;https:\/\/asintel.net\/wp-content\/uploads\/2019\/01\/Cerdanya_vistes-copy2.jpg&#8221; align_tablet=&#8221;center&#8221; align_phone=&#8221;&#8221; align_last_edited=&#8221;on|desktop&#8221; _builder_version=&#8221;4.16&#8243; global_colors_info=&#8221;{}&#8221;][\/et_pb_image][\/et_pb_column][et_pb_column type=&#8221;1_3&#8243; _builder_version=&#8221;4.16&#8243; custom_padding=&#8221;|||&#8221; global_colors_info=&#8221;{}&#8221; custom_padding__hover=&#8221;|||&#8221;][et_pb_image src=&#8221;https:\/\/asintel.net\/wp-content\/uploads\/2019\/01\/Cerdanya_vistes-copy.jpg&#8221; align_tablet=&#8221;center&#8221; align_phone=&#8221;&#8221; align_last_edited=&#8221;on|desktop&#8221; _builder_version=&#8221;4.16&#8243; global_colors_info=&#8221;{}&#8221;][\/et_pb_image][\/et_pb_column][et_pb_column type=&#8221;1_3&#8243; _builder_version=&#8221;4.16&#8243; custom_padding=&#8221;|||&#8221; global_colors_info=&#8221;{}&#8221; custom_padding__hover=&#8221;|||&#8221;][et_pb_image src=&#8221;https:\/\/asintel.net\/wp-content\/uploads\/2019\/01\/Cerdanya_vistes.jpg&#8221; align_tablet=&#8221;center&#8221; align_phone=&#8221;&#8221; align_last_edited=&#8221;on|desktop&#8221; _builder_version=&#8221;4.16&#8243; global_colors_info=&#8221;{}&#8221;][\/et_pb_image][\/et_pb_column][\/et_pb_row][\/et_pb_section][et_pb_section fb_built=&#8221;1&#8243; _builder_version=&#8221;4.16&#8243; global_colors_info=&#8221;{}&#8221;][et_pb_row _builder_version=&#8221;4.16&#8243; background_size=&#8221;initial&#8221; background_position=&#8221;top_left&#8221; background_repeat=&#8221;repeat&#8221; global_colors_info=&#8221;{}&#8221;][et_pb_column type=&#8221;4_4&#8243; _builder_version=&#8221;4.16&#8243; custom_padding=&#8221;|||&#8221; global_colors_info=&#8221;{}&#8221; custom_padding__hover=&#8221;|||&#8221;][et_pb_text _builder_version=&#8221;4.16&#8243; global_colors_info=&#8221;{}&#8221;]<span style=\"font-weight: 400;\">All these years of constant training and activity have allowed us to grow as a company and evolve our knowledge in different technologies, such as Telecommunications.<\/span><\/p>\n<p><span style=\"font-weight: 400;\">This evolution has led us to expand our services to the electricity and industrial sectors<\/span><span style=\"font-weight: 400;\">&#8230;+<\/span><span style=\"font-weight: 400;\"> and to create new activities that we did not initially develop, such as, for instance, operator services<\/span><span style=\"font-weight: 400;\">.<\/span><\/p>\n<p><span style=\"font-weight: 400;\">Since our foundation, we have worked directly for communications operators and companies such as <strong>CELLNEX TELECOM<\/strong> (Abertis Telecom), AXI\u00d3N, BT, ALPI (Orange), ADAM, etc., and for large energy companies such as <strong>FECSA-ENHER, GAS NATURAL, IBERDROLA, and ENDESA-ENEL<\/strong><\/span><span style=\"font-weight: 400;\"><strong>..<\/strong>.<\/span><\/p>\n<p><b>ASINTEL<\/b><span style=\"font-weight: 400;\"> is the official distributor of several telecommunications brands and equipment, but none exclusively as the company has always wanted to provide each customer with the best possible solution according to their technical and economic needs<\/span><span style=\"font-weight: 400;\">&#8230;+<\/span><br \/>\n[\/et_pb_text][\/et_pb_column][\/et_pb_row][\/et_pb_section][et_pb_section fb_built=&#8221;1&#8243; _builder_version=&#8221;4.16&#8243; background_color=&#8221;#f1f1f1&#8243; border_width_all=&#8221;1px&#8221; border_color_all=&#8221;rgba(51,51,51,0.1)&#8221; global_colors_info=&#8221;{}&#8221;][et_pb_row _builder_version=&#8221;4.16&#8243; background_size=&#8221;initial&#8221; background_position=&#8221;top_left&#8221; background_repeat=&#8221;repeat&#8221; global_colors_info=&#8221;{}&#8221;][et_pb_column type=&#8221;4_4&#8243; _builder_version=&#8221;4.16&#8243; custom_padding=&#8221;|||&#8221; global_colors_info=&#8221;{}&#8221; custom_padding__hover=&#8221;|||&#8221;][et_pb_text _builder_version=&#8221;4.16&#8243; global_colors_info=&#8221;{}&#8221;]<b>ASINTEL<\/b><span style=\"font-weight: 400;\"> is APPROVED and REGISTERED (with all of the documentation, experience and knowledge that this implies) to perform supplies, installations with work at a height (communications towers), in confined spaces and to maintain different systems and infrastructures<\/span><span style=\"font-weight: 400;\">.<\/span><\/p>\n<p><span style=\"font-weight: 400;\">Since 2010, <\/span><b>ASINTEL<\/b><span style=\"font-weight: 400;\"> has formed part of different groups of companies in the civil engineering sector. We have thus expanded our distribution and services to different market areas, giving an ever more global service thanks to the knowledge and the work of leading companies in the sector, with highly qualified professionals.<\/span><\/p>\n<p><span style=\"font-weight: 400;\">So many years in the sector have allowed us to collaborate with different companies and distributors, and now we can offer technical services from level\u00a01 (field technical service), to level\u00a03 (direct contact with manufacturer), and offer global services as partners of different technologies.<\/span><\/p>\n<p><span style=\"font-weight: 400;\">Since the end of 2007, the company has worked with an ERP-type platform (centralized client-server database), allowing us to share all relevant information on the projects we carry out among the different departments of the company, so that any of our technicians can consult and clarify doubts for our customers, directly from the company or from any point with an Internet connection.<\/span><\/p>\n<p><span style=\"font-weight: 400;\">All of this effort and investment serves to give our company added value and to guarantee our professionalism and quality for our customers and projects.<\/span><br \/>\n[\/et_pb_text][\/et_pb_column][\/et_pb_row][\/et_pb_section][et_pb_section fb_built=&#8221;1&#8243; _builder_version=&#8221;4.16&#8243; global_colors_info=&#8221;{}&#8221;][et_pb_row _builder_version=&#8221;4.16&#8243; background_size=&#8221;initial&#8221; background_position=&#8221;top_left&#8221; background_repeat=&#8221;repeat&#8221; global_colors_info=&#8221;{}&#8221;][et_pb_column type=&#8221;4_4&#8243; _builder_version=&#8221;4.16&#8243; custom_padding=&#8221;|||&#8221; global_colors_info=&#8221;{}&#8221; custom_padding__hover=&#8221;|||&#8221;][et_pb_text _builder_version=&#8221;4.27.4&#8243; hover_enabled=&#8221;0&#8243; global_colors_info=&#8221;{}&#8221; sticky_enabled=&#8221;0&#8243;]<\/p>\n<p><span style=\"font-weight: 400;\"><strong>Our company policy <\/strong>(dated 07\/19\/2024), the goals we set ourselves, and our commitments are as follows:<\/span><\/p>\n<p><span style=\"font-weight: 400;\">ASINTEL is a global communications, engineering, and maintenance services company for communications systems.<\/span><br \/><span style=\"font-weight: 400;\">ASINTEL has the following main objectives:<\/span><\/p>\n<ul>\n<li><span style=\"font-weight: 400;\">Satisfy the requirements of our clients, the legal and regulatory obligations that apply to all our activities, as well as those requirements of interested parties that are relevant.<\/span><\/li>\n<li><span style=\"font-weight: 400;\">Improve and optimize the management of the company and the work carried out to obtain better efficiency.<\/span><\/li>\n<li><span style=\"font-weight: 400;\">Protect its clients and business objectives by offering its workers, collaborators, suppliers and clients a safe work environment through appropriate security measures and operational processes in the development of the activities of: Global communication services. <b>Maintenance and engineering of communication systems<\/b>.<\/span><\/li>\n<\/ul>\n<p>[\/et_pb_text][et_pb_text _builder_version=&#8221;4.24.2&#8243; global_colors_info=&#8221;{}&#8221;]<\/p>\n<p class=\"p10\">To do this, it undertakes to:<\/p>\n<ol>\n<li style=\"list-style-type: none;\">\n<ol>\n<li>Ensure the necessary resources and the availability of information to achieve the defined objectives and goals.<\/li>\n<li>Promote innovation and knowledge as tools to generate value and achieve a high degree of satisfaction for our clients.<\/li>\n<li>Establish the necessary mechanisms for the continuous improvement of our processes and our services.<\/li>\n<li>Ensure that the work carried out by the company is carried out in an environmentally friendly manner by applying pollution prevention measures and optimizing energy consumption.<\/li>\n<li>Guarantee safety and health conditions at work through the application of prevention measures that seek to eliminate dangers and minimize occupational risks.<\/li>\n<li>Promote measures to prevent any criminal act in which, directly or indirectly, the company or any of its workers may be involved in the exercise of their activity.<\/li>\n<li>Promote the participation and consultation of workers in the management of the company.<\/li>\n<li>Promote energy efficiency in all areas of the company.<\/li>\n<li>Carry out training and awareness activities on all the processes of the Integrated Management System for all staff.<\/li>\n<li>Development of analysis, management and treatment of risk on information assets.<\/li>\n<li>Establish all the actions required to mitigate or eliminate the detected risks.<\/li>\n<li>Establish the responsibility of employees in relation to the reporting of security incidents.<\/li>\n<li>Preserve the confidentiality, integrity and availability of information assets in compliance with this policy.<\/li>\n<li>Compliance by all staff with the policies and procedures of the Information Security Management System.<\/li>\n<li>Consider the following principles:\n<ul>\n<li>Preserving the <strong>confidentiality<\/strong> of information and avoiding its disclosure and access by unauthorized persons.<\/li>\n<li>Maintaining the <strong>integrity<\/strong> of the information, ensuring its accuracy and avoiding its deterioration.<\/li>\n<li>And ensuring the <strong>availability<\/strong> of information in all media and whenever necessary.<\/li>\n<\/ul>\n<\/li>\n<\/ol>\n<\/li>\n<\/ol>\n<p>The General Management assigns responsibilities and authority to the Head of the Management System over the maintenance of this policy, providing advice and guidance for its implementation and corrections in the event of deviations in its compliance, as well as in the management of the policies, procedures and activities of the management system. integrated management.<\/p>\n<p>This policy of the integrated information management system will always be aligned with the general policies of the company.<\/p>\n<p>[\/et_pb_text][\/et_pb_column][\/et_pb_row][\/et_pb_section]<\/p>\n","protected":false},"excerpt":{"rendered":"<p>ASINTEL is a global communication services, maintenance and communication systems engineering company. It was founded in 1988 to provide telecommunications advisory and engineering services to FECSA \u2013 ENDESA and GAS NATURAL. It is currently located in Sant Cugat del Vall\u00e8s in 180\u00a0m2 premises, with offices, warehouse, workshop and laboratory. It also has a regional office [&hellip;]<\/p>\n","protected":false},"author":1,"featured_media":0,"parent":0,"menu_order":0,"comment_status":"closed","ping_status":"closed","template":"","meta":{"_et_pb_use_builder":"on","_et_pb_old_content":"<p><strong>ASINTEL<\/strong> fou creada al maig de 1988, com a assessoria i enginyeria de telecomunicacions, per a donar aquests serveis a FECSA \u2013 ENDESA i a GAS NATURAL.<\/p><p>Actualment est\u00e0 ubicada a Sant Cugat del Vall\u00e8s en un local de 180m<sup>2<\/sup>, on disposa d\u2019oficines, magatzem, taller i laboratori. Tamb\u00e9 disposa d\u2019una delegaci\u00f3 a Tarragona, ubicada en una nau industrial a L\u2019Hospitalet de l\u2019Infant.<\/p><p>Disposa d\u2019una flota de vehicles propis 4x4, furgonetes i turismes. T\u00e9 en propietat el software i els equips electr\u00f2nics i de mesura necessaris, per a realitzar amb garanties els treballs encomanats.<\/p><p>L\u2019empresa centra la seva activitat en el sector de les telecomunicacions, tant en sistemes de cable (\u00f2ptic i el\u00e8ctric), com en sistemes sense fils (PMR, DMR, TETRA, WiFi, Wimax, radioenlla\u00e7os...). Aix\u00ed donem un servei global de comunicacions.<\/p><p>Actualment, i de forma general, realitzem les tasques de:<\/p><p><strong>(( <\/strong>Assessoria, enginyeria, disseny d\u2019infraestructures i sistemes de comunicacions.<\/p><p><strong>(( <\/strong>Subministraments d\u2019equips, instal\u00b7lacions i posades en marxa de sistemes de comunicacions.<\/p><p><strong>(( <\/strong>Projectes globals claus en m\u00e0, des de la primera consulta, passant per la direcci\u00f3 d\u2019obra, fins al lliurament del projecte finalitzat i documentat.<\/p><p><strong>(( <\/strong>Cobertures, mesures de camp, viabilitats i auditories de sistemes de comunicacions.<\/p><p><strong>(( <\/strong>Manteniments 24x7 de diferents equips, sistemes de comunicaci\u00f3 (cable o r\u00e0dio), i infraestructures.<\/p><p><strong>(( <\/strong>Operador de Telecomunicacions oficial (CNMC), que dona serveis de dades, Internet i comunicacions m\u00f2bils.<\/p>","_et_gb_content_width":"","footnotes":""},"class_list":["post-1013","page","type-page","status-publish","hentry"],"yoast_head":"<!-- This site is optimized with the Yoast SEO plugin v27.4 - https:\/\/yoast.com\/product\/yoast-seo-wordpress\/ -->\n<title>Asintel - Enterprise<\/title>\n<meta name=\"description\" content=\"Especialistas en Comunicaci\u00f3n\" \/>\n<meta name=\"robots\" content=\"index, follow, max-snippet:-1, max-image-preview:large, max-video-preview:-1\" \/>\n<link rel=\"canonical\" href=\"https:\/\/asintel.net\/en\/enterprise\/\" \/>\n<meta property=\"og:locale\" content=\"en_US\" \/>\n<meta property=\"og:type\" content=\"article\" \/>\n<meta property=\"og:title\" content=\"Asintel - Enterprise\" \/>\n<meta property=\"og:description\" content=\"Especialistas en Comunicaci\u00f3n\" \/>\n<meta property=\"og:url\" content=\"https:\/\/asintel.net\/en\/enterprise\/\" \/>\n<meta property=\"og:site_name\" content=\"Asintel\" \/>\n<meta property=\"article:modified_time\" content=\"2026-03-26T19:11:21+00:00\" \/>\n<meta name=\"twitter:card\" content=\"summary_large_image\" \/>\n<meta name=\"twitter:label1\" content=\"Est. reading time\" \/>\n\t<meta name=\"twitter:data1\" content=\"7 minutes\" \/>\n<script type=\"application\/ld+json\" class=\"yoast-schema-graph\">{\"@context\":\"https:\\\/\\\/schema.org\",\"@graph\":[{\"@type\":\"WebPage\",\"@id\":\"https:\\\/\\\/asintel.net\\\/en\\\/enterprise\\\/\",\"url\":\"https:\\\/\\\/asintel.net\\\/en\\\/enterprise\\\/\",\"name\":\"Asintel - Enterprise\",\"isPartOf\":{\"@id\":\"https:\\\/\\\/asintel.net\\\/#website\"},\"datePublished\":\"2018-05-11T08:35:39+00:00\",\"dateModified\":\"2026-03-26T19:11:21+00:00\",\"description\":\"Especialistas en Comunicaci\u00f3n\",\"breadcrumb\":{\"@id\":\"https:\\\/\\\/asintel.net\\\/en\\\/enterprise\\\/#breadcrumb\"},\"inLanguage\":\"en-US\",\"potentialAction\":[{\"@type\":\"ReadAction\",\"target\":[\"https:\\\/\\\/asintel.net\\\/en\\\/enterprise\\\/\"]}]},{\"@type\":\"BreadcrumbList\",\"@id\":\"https:\\\/\\\/asintel.net\\\/en\\\/enterprise\\\/#breadcrumb\",\"itemListElement\":[{\"@type\":\"ListItem\",\"position\":1,\"name\":\"Inici\",\"item\":\"https:\\\/\\\/asintel.net\\\/en\\\/\"},{\"@type\":\"ListItem\",\"position\":2,\"name\":\"Enterprise\"}]},{\"@type\":\"WebSite\",\"@id\":\"https:\\\/\\\/asintel.net\\\/#website\",\"url\":\"https:\\\/\\\/asintel.net\\\/\",\"name\":\"Asintel\",\"description\":\"Especialistas en Comunicaci\u00f3n\",\"publisher\":{\"@id\":\"https:\\\/\\\/asintel.net\\\/#organization\"},\"potentialAction\":[{\"@type\":\"SearchAction\",\"target\":{\"@type\":\"EntryPoint\",\"urlTemplate\":\"https:\\\/\\\/asintel.net\\\/?s={search_term_string}\"},\"query-input\":{\"@type\":\"PropertyValueSpecification\",\"valueRequired\":true,\"valueName\":\"search_term_string\"}}],\"inLanguage\":\"en-US\"},{\"@type\":\"Organization\",\"@id\":\"https:\\\/\\\/asintel.net\\\/#organization\",\"name\":\"ASINTEL, S.L.\",\"url\":\"https:\\\/\\\/asintel.net\\\/\",\"logo\":{\"@type\":\"ImageObject\",\"inLanguage\":\"en-US\",\"@id\":\"https:\\\/\\\/asintel.net\\\/#\\\/schema\\\/logo\\\/image\\\/\",\"url\":\"https:\\\/\\\/asintel.net\\\/wp-content\\\/uploads\\\/2018\\\/05\\\/logo-asintel.png\",\"contentUrl\":\"https:\\\/\\\/asintel.net\\\/wp-content\\\/uploads\\\/2018\\\/05\\\/logo-asintel.png\",\"width\":200,\"height\":58,\"caption\":\"ASINTEL, S.L.\"},\"image\":{\"@id\":\"https:\\\/\\\/asintel.net\\\/#\\\/schema\\\/logo\\\/image\\\/\"}}]}<\/script>\n<!-- \/ Yoast SEO plugin. -->","yoast_head_json":{"title":"Asintel - Enterprise","description":"Especialistas en Comunicaci\u00f3n","robots":{"index":"index","follow":"follow","max-snippet":"max-snippet:-1","max-image-preview":"max-image-preview:large","max-video-preview":"max-video-preview:-1"},"canonical":"https:\/\/asintel.net\/en\/enterprise\/","og_locale":"en_US","og_type":"article","og_title":"Asintel - Enterprise","og_description":"Especialistas en Comunicaci\u00f3n","og_url":"https:\/\/asintel.net\/en\/enterprise\/","og_site_name":"Asintel","article_modified_time":"2026-03-26T19:11:21+00:00","twitter_card":"summary_large_image","twitter_misc":{"Est. reading time":"7 minutes"},"schema":{"@context":"https:\/\/schema.org","@graph":[{"@type":"WebPage","@id":"https:\/\/asintel.net\/en\/enterprise\/","url":"https:\/\/asintel.net\/en\/enterprise\/","name":"Asintel - Enterprise","isPartOf":{"@id":"https:\/\/asintel.net\/#website"},"datePublished":"2018-05-11T08:35:39+00:00","dateModified":"2026-03-26T19:11:21+00:00","description":"Especialistas en Comunicaci\u00f3n","breadcrumb":{"@id":"https:\/\/asintel.net\/en\/enterprise\/#breadcrumb"},"inLanguage":"en-US","potentialAction":[{"@type":"ReadAction","target":["https:\/\/asintel.net\/en\/enterprise\/"]}]},{"@type":"BreadcrumbList","@id":"https:\/\/asintel.net\/en\/enterprise\/#breadcrumb","itemListElement":[{"@type":"ListItem","position":1,"name":"Inici","item":"https:\/\/asintel.net\/en\/"},{"@type":"ListItem","position":2,"name":"Enterprise"}]},{"@type":"WebSite","@id":"https:\/\/asintel.net\/#website","url":"https:\/\/asintel.net\/","name":"Asintel","description":"Especialistas en Comunicaci\u00f3n","publisher":{"@id":"https:\/\/asintel.net\/#organization"},"potentialAction":[{"@type":"SearchAction","target":{"@type":"EntryPoint","urlTemplate":"https:\/\/asintel.net\/?s={search_term_string}"},"query-input":{"@type":"PropertyValueSpecification","valueRequired":true,"valueName":"search_term_string"}}],"inLanguage":"en-US"},{"@type":"Organization","@id":"https:\/\/asintel.net\/#organization","name":"ASINTEL, S.L.","url":"https:\/\/asintel.net\/","logo":{"@type":"ImageObject","inLanguage":"en-US","@id":"https:\/\/asintel.net\/#\/schema\/logo\/image\/","url":"https:\/\/asintel.net\/wp-content\/uploads\/2018\/05\/logo-asintel.png","contentUrl":"https:\/\/asintel.net\/wp-content\/uploads\/2018\/05\/logo-asintel.png","width":200,"height":58,"caption":"ASINTEL, S.L."},"image":{"@id":"https:\/\/asintel.net\/#\/schema\/logo\/image\/"}}]}},"_links":{"self":[{"href":"https:\/\/asintel.net\/en\/wp-json\/wp\/v2\/pages\/1013","targetHints":{"allow":["GET"]}}],"collection":[{"href":"https:\/\/asintel.net\/en\/wp-json\/wp\/v2\/pages"}],"about":[{"href":"https:\/\/asintel.net\/en\/wp-json\/wp\/v2\/types\/page"}],"author":[{"embeddable":true,"href":"https:\/\/asintel.net\/en\/wp-json\/wp\/v2\/users\/1"}],"replies":[{"embeddable":true,"href":"https:\/\/asintel.net\/en\/wp-json\/wp\/v2\/comments?post=1013"}],"version-history":[{"count":9,"href":"https:\/\/asintel.net\/en\/wp-json\/wp\/v2\/pages\/1013\/revisions"}],"predecessor-version":[{"id":2475,"href":"https:\/\/asintel.net\/en\/wp-json\/wp\/v2\/pages\/1013\/revisions\/2475"}],"wp:attachment":[{"href":"https:\/\/asintel.net\/en\/wp-json\/wp\/v2\/media?parent=1013"}],"curies":[{"name":"wp","href":"https:\/\/api.w.org\/{rel}","templated":true}]}}