{"id":730,"date":"2018-05-11T10:35:39","date_gmt":"2018-05-11T10:35:39","guid":{"rendered":"http:\/\/asintel.net\/empresa\/"},"modified":"2026-03-26T20:09:32","modified_gmt":"2026-03-26T19:09:32","slug":"empresa","status":"publish","type":"page","link":"https:\/\/asintel.net\/es\/empresa\/","title":{"rendered":"Empresa"},"content":{"rendered":"<p>[et_pb_section fb_built=\u00bb1&#8243; fullwidth=\u00bbon\u00bb _builder_version=\u00bb4.16&#8243; global_colors_info=\u00bb{}\u00bb][et_pb_fullwidth_header title=\u00bb<b>em<\/b>presa\u00bb text_orientation=\u00bbcenter\u00bb header_fullscreen=\u00bbon\u00bb header_scroll_down=\u00bbon\u00bb scroll_down_icon=\u00bb%%1%%\u00bb scroll_down_icon_color=\u00bb#ff0000&#8243; scroll_down_icon_size=\u00bb30px\u00bb image_orientation=\u00bbbottom\u00bb admin_label=\u00bbT\u00edtulo p\u00e1gina\u00bb module_class=\u00bbpage-title\u00bb _builder_version=\u00bb4.16&#8243; title_text_color=\u00bb#ff0000&#8243; title_font_size=\u00bb60px\u00bb title_letter_spacing=\u00bb-4px\u00bb use_background_color_gradient=\u00bbon\u00bb background_image=\u00bbhttps:\/\/asintel.net\/wp-content\/uploads\/2018\/06\/img-informatica.jpg\u00bb parallax=\u00bbon\u00bb parallax_method=\u00bbon\u00bb animation_style=\u00bbfade\u00bb title_font_size_tablet=\u00bb40px\u00bb title_font_size_phone=\u00bb\u00bb title_font_size_last_edited=\u00bbon|tablet\u00bb button_one_letter_spacing_hover=\u00bb0&#8243; button_two_letter_spacing_hover=\u00bb0&#8243; global_colors_info=\u00bb{}\u00bb button_one_text_size__hover_enabled=\u00bboff\u00bb button_two_text_size__hover_enabled=\u00bboff\u00bb button_one_text_color__hover_enabled=\u00bboff\u00bb button_two_text_color__hover_enabled=\u00bboff\u00bb button_one_border_width__hover_enabled=\u00bboff\u00bb button_two_border_width__hover_enabled=\u00bboff\u00bb button_one_border_color__hover_enabled=\u00bboff\u00bb button_two_border_color__hover_enabled=\u00bboff\u00bb button_one_border_radius__hover_enabled=\u00bboff\u00bb button_two_border_radius__hover_enabled=\u00bboff\u00bb button_one_letter_spacing__hover_enabled=\u00bbon\u00bb button_one_letter_spacing__hover=\u00bb0&#8243; button_two_letter_spacing__hover_enabled=\u00bbon\u00bb button_two_letter_spacing__hover=\u00bb0&#8243; button_one_bg_color__hover_enabled=\u00bboff\u00bb button_two_bg_color__hover_enabled=\u00bboff\u00bb][\/et_pb_fullwidth_header][\/et_pb_section][et_pb_section fb_built=\u00bb1&#8243; _builder_version=\u00bb4.16&#8243; global_colors_info=\u00bb{}\u00bb][et_pb_row column_structure=\u00bb2_3,1_3&#8243; _builder_version=\u00bb4.16&#8243; background_size=\u00bbinitial\u00bb background_position=\u00bbtop_left\u00bb background_repeat=\u00bbrepeat\u00bb global_colors_info=\u00bb{}\u00bb][et_pb_column type=\u00bb2_3&#8243; _builder_version=\u00bb4.16&#8243; custom_padding=\u00bb|||\u00bb global_colors_info=\u00bb{}\u00bb custom_padding__hover=\u00bb|||\u00bb][et_pb_text _builder_version=\u00bb4.16&#8243; global_colors_info=\u00bb{}\u00bb]<\/p>\n<p>ASINTEL fue creada en mayo de 1988, como <strong>asesor\u00eda e ingenier\u00eda de telecomunicaciones<\/strong>, para dar estos servicios a FECSA \u2013 ENDESA y GAS NATURAL.<\/p>\n<p>Actualmente est\u00e1 ubicada en Sant Cugat del Vall\u00e9s en <strong>una nave de 700m2<\/strong>, donde dispone de oficinas, almac\u00e9n, taller y laboratorio. Tambi\u00e9n dispone de una delegaci\u00f3n en Tarragona, ubicada en una nave industrial en L&#8217;Hospitalet de l&#8217;Infant.<\/p>\n<p>Dispone de una <strong>flota de veh\u00edculos propios 4\u00d74, furgonetas y turismos<\/strong>. Tiene en propiedad el software y los equipos electr\u00f3nicos y de medida necesarios, para realizar con garant\u00edas los trabajos encomendados.<\/p>\n<p>La empresa centra su actividad en el sector de las telecomunicaciones, tanto en <strong>sistemas de cable<\/strong> (\u00f3ptico y el\u00e9ctrico), como en <strong>sistemas inal\u00e1mbricos<\/strong> (PMR, DMR, TETRA, WiFi, Wimax, radioenlaces\u2026). As\u00ed damos un <strong>servicio global de comunicaciones<\/strong>.<\/p>\n<p>[\/et_pb_text][\/et_pb_column][et_pb_column type=\u00bb1_3&#8243; _builder_version=\u00bb4.16&#8243; custom_padding=\u00bb|||\u00bb global_colors_info=\u00bb{}\u00bb custom_padding__hover=\u00bb|||\u00bb][et_pb_text disabled_on=\u00bbon||\u00bb module_class=\u00bbimagotip\u00bb _builder_version=\u00bb4.16&#8243; text_font=\u00bb|700|||||||\u00bb text_text_color=\u00bbrgba(255,0,0,0.07)\u00bb text_font_size=\u00bb480px\u00bb custom_margin=\u00bb80px||80px|\u00bb animation_style=\u00bbfade\u00bb global_colors_info=\u00bb{}\u00bb]a<br \/>\n[\/et_pb_text][\/et_pb_column][\/et_pb_row][\/et_pb_section][et_pb_section fb_built=\u00bb1&#8243; _builder_version=\u00bb4.16&#8243; background_color=\u00bb#f1f1f1&#8243; border_width_all=\u00bb1px\u00bb border_color_all=\u00bbrgba(51,51,51,0.1)\u00bb global_colors_info=\u00bb{}\u00bb][et_pb_row _builder_version=\u00bb4.16&#8243; background_size=\u00bbinitial\u00bb background_position=\u00bbtop_left\u00bb background_repeat=\u00bbrepeat\u00bb global_colors_info=\u00bb{}\u00bb][et_pb_column type=\u00bb4_4&#8243; _builder_version=\u00bb4.16&#8243; custom_padding=\u00bb|||\u00bb global_colors_info=\u00bb{}\u00bb custom_padding__hover=\u00bb|||\u00bb][et_pb_text module_class=\u00bbresum check-list\u00bb _builder_version=\u00bb4.16&#8243; global_colors_info=\u00bb{}\u00bb]<strong>Actualmente, y de forma general, realizamos los trabajos de:<br \/>\n<\/strong><\/p>\n<ul>\n<li>Asesor\u00eda, ingenier\u00eda, dise\u00f1o de infraestructuras y sistemas de comunicaciones.<\/li>\n<li>Suministros de equipos, instalaciones y puestas en marcha de sistemas de comunicaciones.<\/li>\n<li>Proyectos globales llaves en mano, desde la primera consulta, pasando por la direcci\u00f3n de obra, hasta la entrega del proyecto finalizado y documentado.<\/li>\n<li>Coberturas, medidas de campo, viabilidades y auditor\u00edas de sistemas de comunicaciones.<\/li>\n<li>Mantenimientos 24&#215;7 preventivos y correctivos de diferentes equipos, sistemas de comunicaci\u00f3n (cable o radio), e infraestructuras.<\/li>\n<li>Operador de Telecomunicaciones oficial (CNMC), que da servicios de datos, Internet y comunicaciones m\u00f3viles.<\/li>\n<\/ul>\n<p>[\/et_pb_text][\/et_pb_column][\/et_pb_row][et_pb_row column_structure=\u00bb1_3,1_3,1_3&#8243; _builder_version=\u00bb4.16&#8243; background_size=\u00bbinitial\u00bb background_position=\u00bbtop_left\u00bb background_repeat=\u00bbrepeat\u00bb global_colors_info=\u00bb{}\u00bb][et_pb_column type=\u00bb1_3&#8243; _builder_version=\u00bb4.16&#8243; custom_padding=\u00bb|||\u00bb global_colors_info=\u00bb{}\u00bb custom_padding__hover=\u00bb|||\u00bb][et_pb_image src=\u00bbhttps:\/\/asintel.net\/wp-content\/uploads\/2019\/01\/Cerdanya_vistes-copy2.jpg\u00bb align_tablet=\u00bbcenter\u00bb align_phone=\u00bb\u00bb align_last_edited=\u00bbon|desktop\u00bb _builder_version=\u00bb4.16&#8243; global_colors_info=\u00bb{}\u00bb][\/et_pb_image][\/et_pb_column][et_pb_column type=\u00bb1_3&#8243; _builder_version=\u00bb4.16&#8243; custom_padding=\u00bb|||\u00bb global_colors_info=\u00bb{}\u00bb custom_padding__hover=\u00bb|||\u00bb][et_pb_image src=\u00bbhttps:\/\/asintel.net\/wp-content\/uploads\/2019\/01\/Cerdanya_vistes-copy.jpg\u00bb align_tablet=\u00bbcenter\u00bb align_phone=\u00bb\u00bb align_last_edited=\u00bbon|desktop\u00bb _builder_version=\u00bb4.16&#8243; global_colors_info=\u00bb{}\u00bb][\/et_pb_image][\/et_pb_column][et_pb_column type=\u00bb1_3&#8243; _builder_version=\u00bb4.16&#8243; custom_padding=\u00bb|||\u00bb global_colors_info=\u00bb{}\u00bb custom_padding__hover=\u00bb|||\u00bb][et_pb_image src=\u00bbhttps:\/\/asintel.net\/wp-content\/uploads\/2019\/01\/Cerdanya_vistes.jpg\u00bb align_tablet=\u00bbcenter\u00bb align_phone=\u00bb\u00bb align_last_edited=\u00bbon|desktop\u00bb _builder_version=\u00bb4.16&#8243; global_colors_info=\u00bb{}\u00bb][\/et_pb_image][\/et_pb_column][\/et_pb_row][\/et_pb_section][et_pb_section fb_built=\u00bb1&#8243; _builder_version=\u00bb4.16&#8243; global_colors_info=\u00bb{}\u00bb][et_pb_row _builder_version=\u00bb4.16&#8243; background_size=\u00bbinitial\u00bb background_position=\u00bbtop_left\u00bb background_repeat=\u00bbrepeat\u00bb global_colors_info=\u00bb{}\u00bb][et_pb_column type=\u00bb4_4&#8243; _builder_version=\u00bb4.16&#8243; custom_padding=\u00bb|||\u00bb global_colors_info=\u00bb{}\u00bb custom_padding__hover=\u00bb|||\u00bb][et_pb_text _builder_version=\u00bb4.16&#8243; global_colors_info=\u00bb{}\u00bb]<\/p>\n<p><span style=\"font-weight: 400;\">Todos estos a\u00f1os de actividad y de aprendizaje constante nos ha permitido ir creciendo como empresa y evolucionar nuestros conocimientos en las diferentes tecnolog\u00edas, por ejemplo, en las <span style=\"color: #000000;\"><a href=\"https:\/\/asintel.net\/es\/telecomunicaciones\/\" style=\"color: #000000;\">Telecomunicaciones<\/a>.<\/span><\/span><\/p>\n<p><span style=\"font-weight: 400;\">Esta evoluci\u00f3n nos ha llevado tambi\u00e9n a ampliar nuestros servicios dentro del sector de la industria y la electricidad<\/span><span style=\"font-weight: 400;\">&#8230;+<\/span><span style=\"font-weight: 400;\"> y crear nuevas actividades que en nuestros inicios no desarroll\u00e1bamos, como, por ejemplo, los servicios de<span style=\"color: #000000;\"> <a href=\"https:\/\/asintel.net\/es\/operador\/\" style=\"color: #000000;\">operador<\/a><\/span><\/span><span style=\"font-weight: 400; color: #000000;\">.<\/span><\/p>\n<p><span style=\"font-weight: 400;\">Desde nuestra fundaci\u00f3n <strong>hemos trabajado directamente<\/strong> para operadores o empresas de comunicaciones como: <strong>CELLNEX TELECOM (Tradia-Retevision-On Tower), AXI\u00d3N, BT (British Telecom), ALPI (Orange), ADAM,<\/strong> etc., o para grandes empresas de la industria y la energ\u00eda: <strong>FECSA-ENHER, GAS NATURAL, IBERDROLA, REPSOL, ENDESA-ENEL<\/strong>, etc.<\/span><\/p>\n<p><b>ASINTEL<\/b><span style=\"font-weight: 400;\"><strong> es distribuidor oficial de varias marcas y equipos de telecomunicaciones<\/strong>, ya que desde su fundaci\u00f3n, la empresa siempre ha querido dar la soluci\u00f3n m\u00e1s id\u00f3nea a cada cliente, seg\u00fan sus necesidades t\u00e9cnicas y econ\u00f3micas<\/span><span style=\"font-weight: 400;\">.<\/span><\/p>\n<p>[\/et_pb_text][\/et_pb_column][\/et_pb_row][\/et_pb_section][et_pb_section fb_built=\u00bb1&#8243; _builder_version=\u00bb4.16&#8243; background_color=\u00bb#f1f1f1&#8243; border_width_all=\u00bb1px\u00bb border_color_all=\u00bbrgba(51,51,51,0.1)\u00bb global_colors_info=\u00bb{}\u00bb][et_pb_row _builder_version=\u00bb4.16&#8243; background_size=\u00bbinitial\u00bb background_position=\u00bbtop_left\u00bb background_repeat=\u00bbrepeat\u00bb global_colors_info=\u00bb{}\u00bb][et_pb_column type=\u00bb4_4&#8243; _builder_version=\u00bb4.16&#8243; custom_padding=\u00bb|||\u00bb global_colors_info=\u00bb{}\u00bb custom_padding__hover=\u00bb|||\u00bb][et_pb_text _builder_version=\u00bb4.16&#8243; global_colors_info=\u00bb{}\u00bb]<\/p>\n<p><b>ASINTEL<\/b><span style=\"font-weight: 400;\"> est\u00e1 HOMOLOGADA, REGISTRADA y con CAE (Coordinaci\u00f3n de Actividades Empresariales) permanente, con toda la documentaci\u00f3n, experiencia y conocimientos que esto implica, para realizar suministros, instalaciones, trabajos en altura (torres de comunicaci\u00f3n), espacios confinados y mantenimientos de sus diferentes sistemas e infraestructuras<\/span><span style=\"font-weight: 400;\">.<\/span><\/p>\n<p><span style=\"font-weight: 400;\">Desde 2010, <\/span><b>ASINTEL<\/b><span style=\"font-weight: 400;\"><strong> forma parte de diferentes grupos de empresas del sector de las telecomunicaciones y la obra civil<\/strong>. De esta manera, ampliamos nuestros servicios y distribuci\u00f3n a diferentes \u00e1mbitos del mercado, dando un servicio cada vez m\u00e1s global, gracias al conocimiento y al trabajo de empresas l\u00edderes del sector, con profesionales con una amplia experiencia en los diferentes \u00e1mbitos y altamente cualificados. <\/span><\/p>\n<p><span style=\"font-weight: 400;\">Tantos a\u00f1os en el sector, nos ha permitido colaborar con diferentes distribuidores y empresas, y hoy podemos ofrecer los servicios t\u00e9cnicos desde el nivel 1 (servicio t\u00e9cnico en campo), hasta el nivel 3 (contacto directo con el fabricante), y ofrecer los servicios globales como partner de diferentes tecnolog\u00edas.<\/span><\/p>\n<p>Desde hace m\u00e1s de 15 a\u00f1os, la empresa trabaja con un ERP (actualmente <strong>Dynamic Business Central<\/strong>), con el <strong>office365<\/strong>, y con la plataforma <strong>CTAIMA<\/strong> (CAE y PRL), todo en el cloud, que nos permite que compartimos toda la informaci\u00f3n de la empresa y proyectos con los diferentes departamentos, de modo que cualquiera de nuestros trabajadores y t\u00e9cnicos puede entre otros, consultar y resolver dudas.<\/p>\n<p><span style=\"font-weight: 400;\">Todos estos esfuerzos e inversi\u00f3n realizados son para dar <strong>un valor a\u00f1adido a nuestra empresa<\/strong>, y poder garantizar <strong>la profesionalidad y la calidad<\/strong> a nuestros clientes y proyectos.<\/span><\/p>\n<p>[\/et_pb_text][\/et_pb_column][\/et_pb_row][\/et_pb_section][et_pb_section fb_built=\u00bb1&#8243; _builder_version=\u00bb4.16&#8243; global_colors_info=\u00bb{}\u00bb][et_pb_row _builder_version=\u00bb4.16&#8243; background_size=\u00bbinitial\u00bb background_position=\u00bbtop_left\u00bb background_repeat=\u00bbrepeat\u00bb global_colors_info=\u00bb{}\u00bb][et_pb_column type=\u00bb4_4&#8243; _builder_version=\u00bb4.16&#8243; custom_padding=\u00bb|||\u00bb global_colors_info=\u00bb{}\u00bb custom_padding__hover=\u00bb|||\u00bb][et_pb_text _builder_version=\u00bb4.27.4&#8243; hover_enabled=\u00bb0&#8243; global_colors_info=\u00bb{}\u00bb sticky_enabled=\u00bb0&#8243;]<\/p>\n<p><strong>Nuestra pol\u00edtica de empresa<\/strong>\u00a0(con fecha 19\/07\/2024), los objetivos que nos marcamos, as\u00ed como nuestros compromisos son los siguientes:<\/p>\n<p>ASINTEL es una empresa de servicios globales de comunicaci\u00f3n, ingenier\u00eda y mantenimiento de sistemas de comunicaciones.<\/p>\n<p><strong>ASINTEL se marca como principales objetivos los siguientes:<\/strong><\/p>\n<ul>\n<li>Satisfacer los requisitos de nuestros clientes, las obligaciones legales y reglamentarias que nos sean de aplicaci\u00f3n a todas nuestras actividades, as\u00ed como aquellos requerimientos de partes interesadas que sean relevantes.<\/li>\n<li>Mejorar y optimizar la gesti\u00f3n de la empresa y el trabajo realizado para obtener una mejor eficiencia.<\/li>\n<li>Proteger a sus clientes y objetivos de negocio ofreciendo a sus trabajadores, colaboradores, proveedores y clientes un entorno de trabajo seguro mediante las medidas de seguridad y procesos operativos adecuados en el desarrollo de las actividades de: <strong>Servicios de comunicaci\u00f3n global. Mantenimiento e ingenier\u00eda de sistemas de comunicaci\u00f3n.<\/strong><\/li>\n<\/ul>\n<p>[\/et_pb_text][et_pb_text _builder_version=\u00bb4.24.2&#8243; global_colors_info=\u00bb{}\u00bb]<\/p>\n<p class=\"p10\">Para ello, <strong>ASINTEL trabaja con un Sistema de Gesti\u00f3n Integral, que entre otros se basa en los sistemas ISO9001 Calidad, 14001 Medio ambiente, 45001 Prevenci\u00f3n PRL, 5001 Eficiencia Energ\u00e9tica, y 27001 Seguridad de la Informaci\u00f3n, comprometi\u00e9ndose a:<\/strong><\/p>\n<ol>\n<li style=\"list-style-type: none;\">\n<ul>\n<li>Asegurar los recursos necesarios y la disponibilidad de la informaci\u00f3n para la consecuci\u00f3n de los objetivos y metas definidos.<\/li>\n<li>Potenciar la innovaci\u00f3n y el conocimiento como herramientas para generar valor y conseguir un alto grado de satisfacci\u00f3n de nuestros clientes.<\/li>\n<li>Establecer los mecanismos necesarios para la mejora continua de nuestros procesos y servicios.<\/li>\n<li>Asegurar que los trabajos desarrollados por la empresa se ejecuten de forma respetuosa con el medio ambiente mediante la aplicaci\u00f3n de medidas de prevenci\u00f3n de la contaminaci\u00f3n y optimizando el consumo de energ\u00eda.<\/li>\n<li>Garantizar unas condiciones de seguridad y salud en el trabajo mediante la aplicaci\u00f3n de medidas de prevenci\u00f3n que busquen la eliminaci\u00f3n de peligros y la minimizaci\u00f3n de riesgos laborales.<\/li>\n<li>Promover las medidas de cara a prevenir cualquier hecho delictivo en el que, de forma directa o indirecta, pueda verse involucrada la empresa o alguno de sus trabajadores en el ejercicio de su actividad.<\/li>\n<li>Fomentar la participaci\u00f3n y consulta a los trabajadores en la gesti\u00f3n de la empresa.<\/li>\n<li>Fomentar la eficiencia energ\u00e9tica en todos los \u00e1mbitos de la empresa.<\/li>\n<li>Definir la responsabilidad de todos los empleados y realizar actividades de formaci\u00f3n y concienciaci\u00f3n sobre todos los aspectos del Sistema de Gesti\u00f3n Integrado de cara al cumplimiento de la pol\u00edtica y procedimientos del sistema.<\/li>\n<li>Desarrollar el an\u00e1lisis, gesti\u00f3n y tratamiento de los riesgos de todas nuestras actividades estableciendo las acciones requeridas para mitigar o eliminar los riesgos detectados.<\/li>\n<li>Tener en cuenta los siguientes principios:\n<ul>\n<li>La preservaci\u00f3n de la <strong>confidencialidad<\/strong> de la informaci\u00f3n y evitando su divulgaci\u00f3n y el acceso por personas no autorizadas.<\/li>\n<li>El mantenimiento de la <strong>integridad<\/strong> de la informaci\u00f3n procurando su exactitud y evitando su deterioro.<\/li>\n<li>Y el aseguramiento de la <strong>disponibilidad<\/strong> de la informaci\u00f3n en todos los soportes y siempre que sea necesaria.<\/li>\n<\/ul>\n<\/li>\n<\/ul>\n<\/li>\n<\/ol>\n<p>La Direcci\u00f3n General asigna responsabilidades y autoridad al Responsable del Sistema de Gesti\u00f3n sobre el mantenimiento de esta pol\u00edtica, prestando consejo y gu\u00eda para su implementaci\u00f3n y correcciones ante desviaciones en su cumplimiento, as\u00ed como en la gesti\u00f3n de las pol\u00edticas, procedimiento y actividades del sistema de gesti\u00f3n integrado.<\/p>\n<p>La presente pol\u00edtica del sistema de gesti\u00f3n integrado de la informaci\u00f3n se hallar\u00e1 siempre alineada con las pol\u00edticas generales de la compa\u00f1\u00eda.<\/p>\n<p>[\/et_pb_text][\/et_pb_column][\/et_pb_row][\/et_pb_section]<\/p>\n","protected":false},"excerpt":{"rendered":"<p>ASINTEL fue creada en mayo de 1988, como asesor\u00eda e ingenier\u00eda de telecomunicaciones, para dar estos servicios a FECSA \u2013 ENDESA y GAS NATURAL. Actualmente est\u00e1 ubicada en Sant Cugat del Vall\u00e9s en una nave de 700m2, donde dispone de oficinas, almac\u00e9n, taller y laboratorio. Tambi\u00e9n dispone de una delegaci\u00f3n en Tarragona, ubicada en una [&hellip;]<\/p>\n","protected":false},"author":1,"featured_media":0,"parent":0,"menu_order":0,"comment_status":"closed","ping_status":"closed","template":"","meta":{"_et_pb_use_builder":"on","_et_pb_old_content":"<p><strong>ASINTEL<\/strong> fou creada al maig de 1988, com a assessoria i enginyeria de telecomunicacions, per a donar aquests serveis a FECSA \u2013 ENDESA i a GAS NATURAL.<\/p><p>Actualment est\u00e0 ubicada a Sant Cugat del Vall\u00e8s en un local de 180m<sup>2<\/sup>, on disposa d\u2019oficines, magatzem, taller i laboratori. Tamb\u00e9 disposa d\u2019una delegaci\u00f3 a Tarragona, ubicada en una nau industrial a L\u2019Hospitalet de l\u2019Infant.<\/p><p>Disposa d\u2019una flota de vehicles propis 4x4, furgonetes i turismes. T\u00e9 en propietat el software i els equips electr\u00f2nics i de mesura necessaris, per a realitzar amb garanties els treballs encomanats.<\/p><p>L\u2019empresa centra la seva activitat en el sector de les telecomunicacions, tant en sistemes de cable (\u00f2ptic i el\u00e8ctric), com en sistemes sense fils (PMR, DMR, TETRA, WiFi, Wimax, radioenlla\u00e7os...). Aix\u00ed donem un servei global de comunicacions.<\/p><p>Actualment, i de forma general, realitzem les tasques de:<\/p><p><strong>(( <\/strong>Assessoria, enginyeria, disseny d\u2019infraestructures i sistemes de comunicacions.<\/p><p><strong>(( <\/strong>Subministraments d\u2019equips, instal\u00b7lacions i posades en marxa de sistemes de comunicacions.<\/p><p><strong>(( <\/strong>Projectes globals claus en m\u00e0, des de la primera consulta, passant per la direcci\u00f3 d\u2019obra, fins al lliurament del projecte finalitzat i documentat.<\/p><p><strong>(( <\/strong>Cobertures, mesures de camp, viabilitats i auditories de sistemes de comunicacions.<\/p><p><strong>(( <\/strong>Manteniments 24x7 de diferents equips, sistemes de comunicaci\u00f3 (cable o r\u00e0dio), i infraestructures.<\/p><p><strong>(( <\/strong>Operador de Telecomunicacions oficial (CNMC), que dona serveis de dades, Internet i comunicacions m\u00f2bils.<\/p>","_et_gb_content_width":"","footnotes":""},"class_list":["post-730","page","type-page","status-publish","hentry"],"yoast_head":"<!-- This site is optimized with the Yoast SEO plugin v27.3 - https:\/\/yoast.com\/product\/yoast-seo-wordpress\/ -->\n<title>Asintel - Empresa<\/title>\n<meta name=\"description\" content=\"Especialistas en Comunicaci\u00f3n\" \/>\n<meta name=\"robots\" content=\"index, follow, max-snippet:-1, max-image-preview:large, max-video-preview:-1\" \/>\n<link rel=\"canonical\" href=\"https:\/\/asintel.net\/es\/empresa\/\" \/>\n<meta property=\"og:locale\" content=\"es_ES\" \/>\n<meta property=\"og:type\" content=\"article\" \/>\n<meta property=\"og:title\" content=\"Asintel - Empresa\" \/>\n<meta property=\"og:description\" content=\"Especialistas en Comunicaci\u00f3n\" \/>\n<meta property=\"og:url\" content=\"https:\/\/asintel.net\/es\/empresa\/\" \/>\n<meta property=\"og:site_name\" content=\"Asintel\" \/>\n<meta property=\"article:modified_time\" content=\"2026-03-26T19:09:32+00:00\" \/>\n<meta name=\"twitter:card\" content=\"summary_large_image\" \/>\n<meta name=\"twitter:label1\" content=\"Tiempo de lectura\" \/>\n\t<meta name=\"twitter:data1\" content=\"7 minutos\" \/>\n<script type=\"application\/ld+json\" class=\"yoast-schema-graph\">{\"@context\":\"https:\\\/\\\/schema.org\",\"@graph\":[{\"@type\":\"WebPage\",\"@id\":\"https:\\\/\\\/asintel.net\\\/es\\\/empresa\\\/\",\"url\":\"https:\\\/\\\/asintel.net\\\/es\\\/empresa\\\/\",\"name\":\"Asintel - Empresa\",\"isPartOf\":{\"@id\":\"https:\\\/\\\/asintel.net\\\/#website\"},\"datePublished\":\"2018-05-11T10:35:39+00:00\",\"dateModified\":\"2026-03-26T19:09:32+00:00\",\"description\":\"Especialistas en Comunicaci\u00f3n\",\"breadcrumb\":{\"@id\":\"https:\\\/\\\/asintel.net\\\/es\\\/empresa\\\/#breadcrumb\"},\"inLanguage\":\"es\",\"potentialAction\":[{\"@type\":\"ReadAction\",\"target\":[\"https:\\\/\\\/asintel.net\\\/es\\\/empresa\\\/\"]}]},{\"@type\":\"BreadcrumbList\",\"@id\":\"https:\\\/\\\/asintel.net\\\/es\\\/empresa\\\/#breadcrumb\",\"itemListElement\":[{\"@type\":\"ListItem\",\"position\":1,\"name\":\"Inici\",\"item\":\"https:\\\/\\\/asintel.net\\\/es\\\/\"},{\"@type\":\"ListItem\",\"position\":2,\"name\":\"Empresa\"}]},{\"@type\":\"WebSite\",\"@id\":\"https:\\\/\\\/asintel.net\\\/#website\",\"url\":\"https:\\\/\\\/asintel.net\\\/\",\"name\":\"Asintel\",\"description\":\"Especialistas en Comunicaci\u00f3n\",\"publisher\":{\"@id\":\"https:\\\/\\\/asintel.net\\\/#organization\"},\"potentialAction\":[{\"@type\":\"SearchAction\",\"target\":{\"@type\":\"EntryPoint\",\"urlTemplate\":\"https:\\\/\\\/asintel.net\\\/?s={search_term_string}\"},\"query-input\":{\"@type\":\"PropertyValueSpecification\",\"valueRequired\":true,\"valueName\":\"search_term_string\"}}],\"inLanguage\":\"es\"},{\"@type\":\"Organization\",\"@id\":\"https:\\\/\\\/asintel.net\\\/#organization\",\"name\":\"ASINTEL, S.L.\",\"url\":\"https:\\\/\\\/asintel.net\\\/\",\"logo\":{\"@type\":\"ImageObject\",\"inLanguage\":\"es\",\"@id\":\"https:\\\/\\\/asintel.net\\\/#\\\/schema\\\/logo\\\/image\\\/\",\"url\":\"https:\\\/\\\/asintel.net\\\/wp-content\\\/uploads\\\/2018\\\/05\\\/logo-asintel.png\",\"contentUrl\":\"https:\\\/\\\/asintel.net\\\/wp-content\\\/uploads\\\/2018\\\/05\\\/logo-asintel.png\",\"width\":200,\"height\":58,\"caption\":\"ASINTEL, S.L.\"},\"image\":{\"@id\":\"https:\\\/\\\/asintel.net\\\/#\\\/schema\\\/logo\\\/image\\\/\"}}]}<\/script>\n<!-- \/ Yoast SEO plugin. -->","yoast_head_json":{"title":"Asintel - Empresa","description":"Especialistas en Comunicaci\u00f3n","robots":{"index":"index","follow":"follow","max-snippet":"max-snippet:-1","max-image-preview":"max-image-preview:large","max-video-preview":"max-video-preview:-1"},"canonical":"https:\/\/asintel.net\/es\/empresa\/","og_locale":"es_ES","og_type":"article","og_title":"Asintel - Empresa","og_description":"Especialistas en Comunicaci\u00f3n","og_url":"https:\/\/asintel.net\/es\/empresa\/","og_site_name":"Asintel","article_modified_time":"2026-03-26T19:09:32+00:00","twitter_card":"summary_large_image","twitter_misc":{"Tiempo de lectura":"7 minutos"},"schema":{"@context":"https:\/\/schema.org","@graph":[{"@type":"WebPage","@id":"https:\/\/asintel.net\/es\/empresa\/","url":"https:\/\/asintel.net\/es\/empresa\/","name":"Asintel - Empresa","isPartOf":{"@id":"https:\/\/asintel.net\/#website"},"datePublished":"2018-05-11T10:35:39+00:00","dateModified":"2026-03-26T19:09:32+00:00","description":"Especialistas en Comunicaci\u00f3n","breadcrumb":{"@id":"https:\/\/asintel.net\/es\/empresa\/#breadcrumb"},"inLanguage":"es","potentialAction":[{"@type":"ReadAction","target":["https:\/\/asintel.net\/es\/empresa\/"]}]},{"@type":"BreadcrumbList","@id":"https:\/\/asintel.net\/es\/empresa\/#breadcrumb","itemListElement":[{"@type":"ListItem","position":1,"name":"Inici","item":"https:\/\/asintel.net\/es\/"},{"@type":"ListItem","position":2,"name":"Empresa"}]},{"@type":"WebSite","@id":"https:\/\/asintel.net\/#website","url":"https:\/\/asintel.net\/","name":"Asintel","description":"Especialistas en Comunicaci\u00f3n","publisher":{"@id":"https:\/\/asintel.net\/#organization"},"potentialAction":[{"@type":"SearchAction","target":{"@type":"EntryPoint","urlTemplate":"https:\/\/asintel.net\/?s={search_term_string}"},"query-input":{"@type":"PropertyValueSpecification","valueRequired":true,"valueName":"search_term_string"}}],"inLanguage":"es"},{"@type":"Organization","@id":"https:\/\/asintel.net\/#organization","name":"ASINTEL, S.L.","url":"https:\/\/asintel.net\/","logo":{"@type":"ImageObject","inLanguage":"es","@id":"https:\/\/asintel.net\/#\/schema\/logo\/image\/","url":"https:\/\/asintel.net\/wp-content\/uploads\/2018\/05\/logo-asintel.png","contentUrl":"https:\/\/asintel.net\/wp-content\/uploads\/2018\/05\/logo-asintel.png","width":200,"height":58,"caption":"ASINTEL, S.L."},"image":{"@id":"https:\/\/asintel.net\/#\/schema\/logo\/image\/"}}]}},"_links":{"self":[{"href":"https:\/\/asintel.net\/es\/wp-json\/wp\/v2\/pages\/730","targetHints":{"allow":["GET"]}}],"collection":[{"href":"https:\/\/asintel.net\/es\/wp-json\/wp\/v2\/pages"}],"about":[{"href":"https:\/\/asintel.net\/es\/wp-json\/wp\/v2\/types\/page"}],"author":[{"embeddable":true,"href":"https:\/\/asintel.net\/es\/wp-json\/wp\/v2\/users\/1"}],"replies":[{"embeddable":true,"href":"https:\/\/asintel.net\/es\/wp-json\/wp\/v2\/comments?post=730"}],"version-history":[{"count":17,"href":"https:\/\/asintel.net\/es\/wp-json\/wp\/v2\/pages\/730\/revisions"}],"predecessor-version":[{"id":2474,"href":"https:\/\/asintel.net\/es\/wp-json\/wp\/v2\/pages\/730\/revisions\/2474"}],"wp:attachment":[{"href":"https:\/\/asintel.net\/es\/wp-json\/wp\/v2\/media?parent=730"}],"curies":[{"name":"wp","href":"https:\/\/api.w.org\/{rel}","templated":true}]}}