{"id":740,"date":"2018-05-11T10:18:02","date_gmt":"2018-05-11T08:18:02","guid":{"rendered":"http:\/\/asintel.net\/enginyeria\/"},"modified":"2025-03-20T13:37:45","modified_gmt":"2025-03-20T12:37:45","slug":"ingenieria","status":"publish","type":"page","link":"https:\/\/asintel.net\/es\/ingenieria\/","title":{"rendered":"Ingenier\u00eda"},"content":{"rendered":"<p>[et_pb_section fb_built=\u00bb1&#8243; fullwidth=\u00bbon\u00bb _builder_version=\u00bb4.16&#8243; global_colors_info=\u00bb{}\u00bb][et_pb_fullwidth_header title=\u00bb<b>ingenier\u00eda<\/b>\u00bb text_orientation=\u00bbcenter\u00bb header_fullscreen=\u00bbon\u00bb header_scroll_down=\u00bbon\u00bb scroll_down_icon=\u00bb%%1%%\u00bb scroll_down_icon_color=\u00bb#ff0000&#8243; scroll_down_icon_size=\u00bb30px\u00bb background_overlay_color=\u00bbrgba(255,255,255,0.67)\u00bb admin_label=\u00bbT\u00edtulo p\u00e1gina\u00bb module_class=\u00bbpage-title\u00bb _builder_version=\u00bb4.27.4&#8243; title_text_color=\u00bb#ff0000&#8243; title_font_size=\u00bb60px\u00bb title_letter_spacing=\u00bb-4px\u00bb use_background_color_gradient=\u00bbon\u00bb background_image=\u00bbhttps:\/\/asintel.net\/wp-content\/uploads\/2019\/01\/power-lines-2.jpg\u00bb parallax=\u00bbon\u00bb parallax_method=\u00bbon\u00bb animation_style=\u00bbfade\u00bb hover_enabled=\u00bb0&#8243; title_font_size_tablet=\u00bb40px\u00bb title_font_size_phone=\u00bb\u00bb title_font_size_last_edited=\u00bbon|tablet\u00bb button_one_letter_spacing_hover=\u00bb0&#8243; button_two_letter_spacing_hover=\u00bb0&#8243; global_colors_info=\u00bb{}\u00bb button_one_text_size__hover_enabled=\u00bboff\u00bb button_two_text_size__hover_enabled=\u00bboff\u00bb button_one_text_color__hover_enabled=\u00bboff\u00bb button_two_text_color__hover_enabled=\u00bboff\u00bb button_one_border_width__hover_enabled=\u00bboff\u00bb button_two_border_width__hover_enabled=\u00bboff\u00bb button_one_border_color__hover_enabled=\u00bboff\u00bb button_two_border_color__hover_enabled=\u00bboff\u00bb button_one_border_radius__hover_enabled=\u00bboff\u00bb button_two_border_radius__hover_enabled=\u00bboff\u00bb button_one_letter_spacing__hover_enabled=\u00bbon\u00bb button_one_letter_spacing__hover=\u00bb0&#8243; button_two_letter_spacing__hover_enabled=\u00bbon\u00bb button_two_letter_spacing__hover=\u00bb0&#8243; button_one_bg_color__hover_enabled=\u00bboff\u00bb button_two_bg_color__hover_enabled=\u00bboff\u00bb sticky_enabled=\u00bb0&#8243;][\/et_pb_fullwidth_header][\/et_pb_section][et_pb_section fb_built=\u00bb1&#8243; _builder_version=\u00bb4.16&#8243; global_colors_info=\u00bb{}\u00bb][et_pb_row _builder_version=\u00bb4.16&#8243; background_size=\u00bbinitial\u00bb background_position=\u00bbtop_left\u00bb background_repeat=\u00bbrepeat\u00bb global_colors_info=\u00bb{}\u00bb][et_pb_column type=\u00bb4_4&#8243; _builder_version=\u00bb4.16&#8243; custom_padding=\u00bb|||\u00bb global_colors_info=\u00bb{}\u00bb custom_padding__hover=\u00bb|||\u00bb][et_pb_text _builder_version=\u00bb4.16&#8243; global_colors_info=\u00bb{}\u00bb]<\/p>\n<p><span style=\"font-weight: 400;\">Uno de los servicios que<strong> ASINTEL<\/strong> realiza desde sus inicios es la de <strong>Telecontrol \/ Supervisi\u00f3n \/ Gesti\u00f3n de los sistemas y los equipos a distancia, a trav\u00e9s de PLC\u2019s, RTU\u2019s o remotas, radio m\u00f3dems, IP &#8211; m\u00f3dems GPRS a 5G o LTE, y sistemas de control o SCADA\u2019s.<\/strong> Adem\u00e1s, podemos realizar de forma conjunta o separada las siguientes tareas:<\/span><\/p>\n<ul>\n<li style=\"font-weight: 400;\"><span style=\"font-weight: 400;\">Dise\u00f1o y propuesta del sistema y equipos necesarios para supervisar y controlar m\u00e1quinas, cuadros de control o equipos.<\/span><\/li>\n<li style=\"font-weight: 400;\"><span style=\"font-weight: 400;\">Suministro de diferentes equipos (PLC\u2019s \/ RTU\u2019s) seg\u00fan las necesidades del cliente o del dise\u00f1o, propuesta de diferentes marcas, si fuera necesario, y de las interfaces de medida o de control.<\/span><\/li>\n<li style=\"font-weight: 400;\"><span style=\"font-weight: 400;\">Suministro del software de control del sistema y los equipos (SCADA).<\/span><\/li>\n<li style=\"font-weight: 400;\"><span style=\"font-weight: 400;\">Dise\u00f1o, suministro, instalaci\u00f3n y mantenimiento de la comunicaci\u00f3n entre diferentes equipos y sistemas, v\u00eda cable el\u00e9ctrico y los diferentes protocolos, cable \u00f3ptico, m\u00f3dems GPRS a 5G o LTE, radio m\u00f3dems, pasarela o gateway, y, si fuera necesario, como ya hemos realizado, fabricaci\u00f3n de equipos que permitan la comunicaci\u00f3n entre equipos y sistemas de control.<\/span><\/li>\n<li style=\"font-weight: 400;\"><span style=\"font-weight: 400;\">Instalaci\u00f3n y puesta en marcha de sistemas y equipos industriales.<\/span><\/li>\n<li style=\"font-weight: 400;\"><span style=\"font-weight: 400;\">Mantenimiento y mejoras de los sistemas y equipos industriales.<\/span><\/li>\n<\/ul>\n<p>&nbsp;<\/p>\n<p><span style=\"font-weight: 400;\">Gracias a esta actividad, <strong>ASINTEL tambi\u00e9n se ha especializado en la realizaci\u00f3n del dise\u00f1o, la fabricaci\u00f3n, la modificaci\u00f3n y la instalaci\u00f3n de: <\/strong><\/span><\/p>\n<ul>\n<li style=\"font-weight: 400;\"><span style=\"font-weight: 400;\">Cuadros El\u00e9ctricos de corriente alterna (BT) y corriente continua.<\/span><\/li>\n<li style=\"font-weight: 400;\"><span style=\"font-weight: 400;\">Cuadros para Grupos Electr\u00f3genos.<\/span><\/li>\n<li style=\"font-weight: 400;\"><span style=\"font-weight: 400;\">Sistemas de alimentaci\u00f3n segura con SAI, cargador de bater\u00edas y sistemas solares.<\/span><\/li>\n<li style=\"font-weight: 400;\"><span style=\"font-weight: 400;\">Energ\u00edas renovables, dom\u00f3tica y casas inteligentes.<\/span><\/li>\n<li style=\"font-weight: 400;\"><span style=\"font-weight: 400;\">Legalizaci\u00f3n de las instalaciones el\u00e9ctricas, de las comunicaciones e ICT.<\/span><\/li>\n<\/ul>\n<p>&nbsp;<\/p>\n<p><span style=\"font-weight: 400;\">Ser especialistas en sistemas de remotas Motorola, nos ha llevado a participar en proyectos internacionales de la mano de Radiotrans y Commtel Networks, realizando proyectos, dise\u00f1os, presupuestos, configuraciones, trabajos in situ y remotos (soporte en l\u00ednea) para diferentes pa\u00edses, en el \u00e1mbito de la industria energ\u00e9tica. <\/span><\/p>\n<p><span style=\"font-weight: 400;\">Una de las actividades que m\u00e1s hemos desarrollado en los \u00faltimos a\u00f1os, conjuntamente con diferentes colaboradores, ha sido la adecuaci\u00f3n, mejora, sustituci\u00f3n, configuraci\u00f3n, ajuste y puesta en marcha de sistemas de comunicaciones para CCTV y control de acceso con FO y WiFi, para el control de lectura de matr\u00edculas y para vigilancia.<\/span><\/p>\n<p>[\/et_pb_text][\/et_pb_column][\/et_pb_row][\/et_pb_section][et_pb_section fb_built=\u00bb1&#8243; module_class=\u00bbresum check-list\u00bb _builder_version=\u00bb4.16&#8243; background_color=\u00bb#f1f1f1&#8243; border_width_all=\u00bb1px\u00bb border_color_all=\u00bbrgba(51,51,51,0.2)\u00bb global_colors_info=\u00bb{}\u00bb][et_pb_row _builder_version=\u00bb4.16&#8243; background_size=\u00bbinitial\u00bb background_position=\u00bbtop_left\u00bb background_repeat=\u00bbrepeat\u00bb global_colors_info=\u00bb{}\u00bb][et_pb_column type=\u00bb4_4&#8243; _builder_version=\u00bb4.16&#8243; custom_padding=\u00bb|||\u00bb global_colors_info=\u00bb{}\u00bb custom_padding__hover=\u00bb|||\u00bb][et_pb_text _builder_version=\u00bb4.16&#8243; global_colors_info=\u00bb{}\u00bb]<b>ASINTEL<\/b><span style=\"font-weight: 400;\"> tambi\u00e9n est\u00e1 inscrita y dispone de certificados en:<\/span><\/p>\n<ul>\n<li><b>CETIB<\/b><span style=\"font-weight: 400;\"> (Colegio de Ingenieros T\u00e9cnicos Industriales de Barcelona) con el n\u00famero 2056.<\/span><\/li>\n<li><b>REAS<\/b><span style=\"font-weight: 400;\"> (Registro de Empresas Acreditadas para realizar trabajos en el \u00e1mbito de la construcci\u00f3n) con el n\u00famero 09000032696.<\/span><\/li>\n<li><b>REIE<\/b><span style=\"font-weight: 400;\"> (Registro de Empresas Instaladoras de Electricidad) y el <\/span><b>RASIC<\/b><span style=\"font-weight: 400;\"> (Registro de Agentes de Seguridad Industrial de Catalunya) con el n\u00famero 005000302.<\/span><\/li>\n<li><b>REIC<\/b><span style=\"font-weight: 400;\"> (Registro de Empresas Industriales de Catalunya) con el n\u00famero 000308236.<\/span><\/li>\n<\/ul>\n<p>[\/et_pb_text][\/et_pb_column][\/et_pb_row][\/et_pb_section][et_pb_section fb_built=\u00bb1&#8243; _builder_version=\u00bb4.16&#8243; global_colors_info=\u00bb{}\u00bb][et_pb_row _builder_version=\u00bb4.16&#8243; background_size=\u00bbinitial\u00bb background_position=\u00bbtop_left\u00bb background_repeat=\u00bbrepeat\u00bb global_colors_info=\u00bb{}\u00bb][et_pb_column type=\u00bb4_4&#8243; _builder_version=\u00bb4.16&#8243; custom_padding=\u00bb|||\u00bb global_colors_info=\u00bb{}\u00bb custom_padding__hover=\u00bb|||\u00bb][et_pb_text _builder_version=\u00bb4.16&#8243; global_colors_info=\u00bb{}\u00bb]<span style=\"font-weight: 400;\">Desde 2010, <\/span><b>ASINTEL<\/b><span style=\"font-weight: 400;\"> forma parte de diferentes grupos de empresas del sector de las telecomunicaciones y la obra civil. De esta manera, ampliamos nuestros servicios y distribuci\u00f3n a diferentes \u00e1mbitos del mercado, dando un servicio cada vez m\u00e1s global, gracias al conocimiento y al trabajo de empresas l\u00edderes del sector, con profesionales con una amplia experiencia en los diferentes \u00e1mbitos y altamente cualificados. <\/span><\/p>\n<p><span style=\"font-weight: 400;\">Tantos a\u00f1os en el sector, nos ha permitido colaborar con diferentes distribuidores y empresas, y hoy podemos ofrecer los servicios t\u00e9cnicos desde el nivel 1 (servicio t\u00e9cnico en campo), hasta el nivel 3 (contacto directo con el fabricante), y ofrecer los servicios globales como partner de diferentes tecnolog\u00edas.<\/span><\/p>\n<p><span style=\"font-weight: 400;\">En los \u00faltimos a\u00f1os, <strong>nuestra actividad ha aumentado en el \u00e1mbito industrial, realizando dise\u00f1o, suministros, instalaciones y puesta en marcha de sistemas el\u00e9ctricos y de comunicaciones<\/strong> (fibra \u00f3ptica, red ETH y WiFi) en edificios de oficinas, hoteles y f\u00e1bricas. <\/span><br \/>\n[\/et_pb_text][\/et_pb_column][\/et_pb_row][\/et_pb_section]<\/p>\n","protected":false},"excerpt":{"rendered":"<p>[et_pb_section fb_built=\u00bb1&#8243; fullwidth=\u00bbon\u00bb _builder_version=\u00bb4.16&#8243; global_colors_info=\u00bb{}\u00bb][et_pb_fullwidth_header title=\u00bbingenier\u00eda\u00bb text_orientation=\u00bbcenter\u00bb header_fullscreen=\u00bbon\u00bb header_scroll_down=\u00bbon\u00bb scroll_down_icon=\u00bb%%1%%\u00bb scroll_down_icon_color=\u00bb#ff0000&#8243; scroll_down_icon_size=\u00bb30px\u00bb background_overlay_color=\u00bbrgba(255,255,255,0.67)\u00bb admin_label=\u00bbT\u00edtulo p\u00e1gina\u00bb module_class=\u00bbpage-title\u00bb _builder_version=\u00bb4.27.4&#8243; title_text_color=\u00bb#ff0000&#8243; title_font_size=\u00bb60px\u00bb title_letter_spacing=\u00bb-4px\u00bb use_background_color_gradient=\u00bbon\u00bb background_image=\u00bbhttps:\/\/asintel.net\/wp-content\/uploads\/2019\/01\/power-lines-2.jpg\u00bb parallax=\u00bbon\u00bb parallax_method=\u00bbon\u00bb animation_style=\u00bbfade\u00bb hover_enabled=\u00bb0&#8243; title_font_size_tablet=\u00bb40px\u00bb title_font_size_phone=\u00bb\u00bb title_font_size_last_edited=\u00bbon|tablet\u00bb button_one_letter_spacing_hover=\u00bb0&#8243; button_two_letter_spacing_hover=\u00bb0&#8243; global_colors_info=\u00bb{}\u00bb button_one_text_size__hover_enabled=\u00bboff\u00bb button_two_text_size__hover_enabled=\u00bboff\u00bb button_one_text_color__hover_enabled=\u00bboff\u00bb button_two_text_color__hover_enabled=\u00bboff\u00bb button_one_border_width__hover_enabled=\u00bboff\u00bb button_two_border_width__hover_enabled=\u00bboff\u00bb button_one_border_color__hover_enabled=\u00bboff\u00bb button_two_border_color__hover_enabled=\u00bboff\u00bb button_one_border_radius__hover_enabled=\u00bboff\u00bb button_two_border_radius__hover_enabled=\u00bboff\u00bb button_one_letter_spacing__hover_enabled=\u00bbon\u00bb button_one_letter_spacing__hover=\u00bb0&#8243; button_two_letter_spacing__hover_enabled=\u00bbon\u00bb button_two_letter_spacing__hover=\u00bb0&#8243; button_one_bg_color__hover_enabled=\u00bboff\u00bb button_two_bg_color__hover_enabled=\u00bboff\u00bb sticky_enabled=\u00bb0&#8243;][\/et_pb_fullwidth_header][\/et_pb_section][et_pb_section fb_built=\u00bb1&#8243; _builder_version=\u00bb4.16&#8243; global_colors_info=\u00bb{}\u00bb][et_pb_row _builder_version=\u00bb4.16&#8243; background_size=\u00bbinitial\u00bb background_position=\u00bbtop_left\u00bb [&hellip;]<\/p>\n","protected":false},"author":1,"featured_media":0,"parent":0,"menu_order":0,"comment_status":"closed","ping_status":"closed","template":"","meta":{"_et_pb_use_builder":"off","_et_pb_old_content":"<p>Lorem ipsum dolor sit amet, consectetur adipiscing elit, sed do eiusmod tempor incididunt ut labore et dolore magna aliqua. Ut enim ad minim veniam, quis nostrud exercitation ullamco laboris nisi ut aliquip ex ea commodo consequat. Duis aute irure dolor in reprehenderit in voluptate velit esse cillum dolore eu fugiat nulla pariatur. Excepteur sint occaecat cupidatat non proident, sunt in culpa qui officia deserunt mollit anim id est laborum.<\/p>","_et_gb_content_width":"","footnotes":""},"class_list":["post-740","page","type-page","status-publish","hentry"],"yoast_head":"<!-- This site is optimized with the Yoast SEO plugin v27.3 - https:\/\/yoast.com\/product\/yoast-seo-wordpress\/ -->\n<title>Asintel - Ingenier\u00eda<\/title>\n<meta name=\"description\" content=\"Especialistas en Comunicaci\u00f3n\" \/>\n<meta name=\"robots\" content=\"index, follow, max-snippet:-1, max-image-preview:large, max-video-preview:-1\" \/>\n<link rel=\"canonical\" href=\"https:\/\/asintel.net\/es\/ingenieria\/\" \/>\n<meta property=\"og:locale\" content=\"es_ES\" \/>\n<meta property=\"og:type\" content=\"article\" \/>\n<meta property=\"og:title\" content=\"Asintel - Ingenier\u00eda\" \/>\n<meta property=\"og:description\" content=\"Especialistas en Comunicaci\u00f3n\" \/>\n<meta property=\"og:url\" content=\"https:\/\/asintel.net\/es\/ingenieria\/\" \/>\n<meta property=\"og:site_name\" content=\"Asintel\" \/>\n<meta property=\"article:modified_time\" content=\"2025-03-20T12:37:45+00:00\" \/>\n<meta name=\"twitter:card\" content=\"summary_large_image\" \/>\n<meta name=\"twitter:label1\" content=\"Tiempo de lectura\" \/>\n\t<meta name=\"twitter:data1\" content=\"4 minutos\" \/>\n<script type=\"application\/ld+json\" class=\"yoast-schema-graph\">{\"@context\":\"https:\\\/\\\/schema.org\",\"@graph\":[{\"@type\":\"WebPage\",\"@id\":\"https:\\\/\\\/asintel.net\\\/es\\\/ingenieria\\\/\",\"url\":\"https:\\\/\\\/asintel.net\\\/es\\\/ingenieria\\\/\",\"name\":\"Asintel - Ingenier\u00eda\",\"isPartOf\":{\"@id\":\"https:\\\/\\\/asintel.net\\\/#website\"},\"datePublished\":\"2018-05-11T08:18:02+00:00\",\"dateModified\":\"2025-03-20T12:37:45+00:00\",\"description\":\"Especialistas en Comunicaci\u00f3n\",\"breadcrumb\":{\"@id\":\"https:\\\/\\\/asintel.net\\\/es\\\/ingenieria\\\/#breadcrumb\"},\"inLanguage\":\"es\",\"potentialAction\":[{\"@type\":\"ReadAction\",\"target\":[\"https:\\\/\\\/asintel.net\\\/es\\\/ingenieria\\\/\"]}]},{\"@type\":\"BreadcrumbList\",\"@id\":\"https:\\\/\\\/asintel.net\\\/es\\\/ingenieria\\\/#breadcrumb\",\"itemListElement\":[{\"@type\":\"ListItem\",\"position\":1,\"name\":\"Inici\",\"item\":\"https:\\\/\\\/asintel.net\\\/es\\\/\"},{\"@type\":\"ListItem\",\"position\":2,\"name\":\"Ingenier\u00eda\"}]},{\"@type\":\"WebSite\",\"@id\":\"https:\\\/\\\/asintel.net\\\/#website\",\"url\":\"https:\\\/\\\/asintel.net\\\/\",\"name\":\"Asintel\",\"description\":\"Especialistas en Comunicaci\u00f3n\",\"publisher\":{\"@id\":\"https:\\\/\\\/asintel.net\\\/#organization\"},\"potentialAction\":[{\"@type\":\"SearchAction\",\"target\":{\"@type\":\"EntryPoint\",\"urlTemplate\":\"https:\\\/\\\/asintel.net\\\/?s={search_term_string}\"},\"query-input\":{\"@type\":\"PropertyValueSpecification\",\"valueRequired\":true,\"valueName\":\"search_term_string\"}}],\"inLanguage\":\"es\"},{\"@type\":\"Organization\",\"@id\":\"https:\\\/\\\/asintel.net\\\/#organization\",\"name\":\"ASINTEL, S.L.\",\"url\":\"https:\\\/\\\/asintel.net\\\/\",\"logo\":{\"@type\":\"ImageObject\",\"inLanguage\":\"es\",\"@id\":\"https:\\\/\\\/asintel.net\\\/#\\\/schema\\\/logo\\\/image\\\/\",\"url\":\"https:\\\/\\\/asintel.net\\\/wp-content\\\/uploads\\\/2018\\\/05\\\/logo-asintel.png\",\"contentUrl\":\"https:\\\/\\\/asintel.net\\\/wp-content\\\/uploads\\\/2018\\\/05\\\/logo-asintel.png\",\"width\":200,\"height\":58,\"caption\":\"ASINTEL, S.L.\"},\"image\":{\"@id\":\"https:\\\/\\\/asintel.net\\\/#\\\/schema\\\/logo\\\/image\\\/\"}}]}<\/script>\n<!-- \/ Yoast SEO plugin. -->","yoast_head_json":{"title":"Asintel - Ingenier\u00eda","description":"Especialistas en Comunicaci\u00f3n","robots":{"index":"index","follow":"follow","max-snippet":"max-snippet:-1","max-image-preview":"max-image-preview:large","max-video-preview":"max-video-preview:-1"},"canonical":"https:\/\/asintel.net\/es\/ingenieria\/","og_locale":"es_ES","og_type":"article","og_title":"Asintel - Ingenier\u00eda","og_description":"Especialistas en Comunicaci\u00f3n","og_url":"https:\/\/asintel.net\/es\/ingenieria\/","og_site_name":"Asintel","article_modified_time":"2025-03-20T12:37:45+00:00","twitter_card":"summary_large_image","twitter_misc":{"Tiempo de lectura":"4 minutos"},"schema":{"@context":"https:\/\/schema.org","@graph":[{"@type":"WebPage","@id":"https:\/\/asintel.net\/es\/ingenieria\/","url":"https:\/\/asintel.net\/es\/ingenieria\/","name":"Asintel - Ingenier\u00eda","isPartOf":{"@id":"https:\/\/asintel.net\/#website"},"datePublished":"2018-05-11T08:18:02+00:00","dateModified":"2025-03-20T12:37:45+00:00","description":"Especialistas en Comunicaci\u00f3n","breadcrumb":{"@id":"https:\/\/asintel.net\/es\/ingenieria\/#breadcrumb"},"inLanguage":"es","potentialAction":[{"@type":"ReadAction","target":["https:\/\/asintel.net\/es\/ingenieria\/"]}]},{"@type":"BreadcrumbList","@id":"https:\/\/asintel.net\/es\/ingenieria\/#breadcrumb","itemListElement":[{"@type":"ListItem","position":1,"name":"Inici","item":"https:\/\/asintel.net\/es\/"},{"@type":"ListItem","position":2,"name":"Ingenier\u00eda"}]},{"@type":"WebSite","@id":"https:\/\/asintel.net\/#website","url":"https:\/\/asintel.net\/","name":"Asintel","description":"Especialistas en Comunicaci\u00f3n","publisher":{"@id":"https:\/\/asintel.net\/#organization"},"potentialAction":[{"@type":"SearchAction","target":{"@type":"EntryPoint","urlTemplate":"https:\/\/asintel.net\/?s={search_term_string}"},"query-input":{"@type":"PropertyValueSpecification","valueRequired":true,"valueName":"search_term_string"}}],"inLanguage":"es"},{"@type":"Organization","@id":"https:\/\/asintel.net\/#organization","name":"ASINTEL, S.L.","url":"https:\/\/asintel.net\/","logo":{"@type":"ImageObject","inLanguage":"es","@id":"https:\/\/asintel.net\/#\/schema\/logo\/image\/","url":"https:\/\/asintel.net\/wp-content\/uploads\/2018\/05\/logo-asintel.png","contentUrl":"https:\/\/asintel.net\/wp-content\/uploads\/2018\/05\/logo-asintel.png","width":200,"height":58,"caption":"ASINTEL, S.L."},"image":{"@id":"https:\/\/asintel.net\/#\/schema\/logo\/image\/"}}]}},"_links":{"self":[{"href":"https:\/\/asintel.net\/es\/wp-json\/wp\/v2\/pages\/740","targetHints":{"allow":["GET"]}}],"collection":[{"href":"https:\/\/asintel.net\/es\/wp-json\/wp\/v2\/pages"}],"about":[{"href":"https:\/\/asintel.net\/es\/wp-json\/wp\/v2\/types\/page"}],"author":[{"embeddable":true,"href":"https:\/\/asintel.net\/es\/wp-json\/wp\/v2\/users\/1"}],"replies":[{"embeddable":true,"href":"https:\/\/asintel.net\/es\/wp-json\/wp\/v2\/comments?post=740"}],"version-history":[{"count":7,"href":"https:\/\/asintel.net\/es\/wp-json\/wp\/v2\/pages\/740\/revisions"}],"predecessor-version":[{"id":2293,"href":"https:\/\/asintel.net\/es\/wp-json\/wp\/v2\/pages\/740\/revisions\/2293"}],"wp:attachment":[{"href":"https:\/\/asintel.net\/es\/wp-json\/wp\/v2\/media?parent=740"}],"curies":[{"name":"wp","href":"https:\/\/api.w.org\/{rel}","templated":true}]}}