{"id":742,"date":"2018-05-11T10:17:34","date_gmt":"2018-05-11T10:17:34","guid":{"rendered":"http:\/\/asintel.net\/operador\/"},"modified":"2025-03-19T17:54:08","modified_gmt":"2025-03-19T16:54:08","slug":"operador","status":"publish","type":"page","link":"https:\/\/asintel.net\/es\/operador\/","title":{"rendered":"Operador"},"content":{"rendered":"<p>[et_pb_section fb_built=\u00bb1&#8243; fullwidth=\u00bbon\u00bb _builder_version=\u00bb4.16&#8243; global_colors_info=\u00bb{}\u00bb][et_pb_fullwidth_header title=\u00bb<b>o<\/b>perador\u00bb text_orientation=\u00bbcenter\u00bb header_fullscreen=\u00bbon\u00bb header_scroll_down=\u00bbon\u00bb scroll_down_icon=\u00bb%%1%%\u00bb scroll_down_icon_color=\u00bb#ff0000&#8243; scroll_down_icon_size=\u00bb30px\u00bb background_overlay_color=\u00bbrgba(255,255,255,0.67)\u00bb admin_label=\u00bbT\u00edtulo p\u00e1gina\u00bb module_class=\u00bbpage-title\u00bb _builder_version=\u00bb4.16&#8243; title_text_color=\u00bb#ff0000&#8243; title_font_size=\u00bb60px\u00bb title_letter_spacing=\u00bb-4px\u00bb use_background_color_gradient=\u00bbon\u00bb background_image=\u00bbhttps:\/\/asintel.net\/wp-content\/uploads\/2019\/01\/img-operador.jpg\u00bb parallax=\u00bbon\u00bb parallax_method=\u00bbon\u00bb animation_style=\u00bbfade\u00bb title_font_size_tablet=\u00bb40px\u00bb title_font_size_phone=\u00bb\u00bb title_font_size_last_edited=\u00bbon|tablet\u00bb button_one_letter_spacing_hover=\u00bb0&#8243; button_two_letter_spacing_hover=\u00bb0&#8243; global_colors_info=\u00bb{}\u00bb button_one_text_size__hover_enabled=\u00bboff\u00bb button_two_text_size__hover_enabled=\u00bboff\u00bb button_one_text_color__hover_enabled=\u00bboff\u00bb button_two_text_color__hover_enabled=\u00bboff\u00bb button_one_border_width__hover_enabled=\u00bboff\u00bb button_two_border_width__hover_enabled=\u00bboff\u00bb button_one_border_color__hover_enabled=\u00bboff\u00bb button_two_border_color__hover_enabled=\u00bboff\u00bb button_one_border_radius__hover_enabled=\u00bboff\u00bb button_two_border_radius__hover_enabled=\u00bboff\u00bb button_one_letter_spacing__hover_enabled=\u00bbon\u00bb button_one_letter_spacing__hover=\u00bb0&#8243; button_two_letter_spacing__hover_enabled=\u00bbon\u00bb button_two_letter_spacing__hover=\u00bb0&#8243; button_one_bg_color__hover_enabled=\u00bboff\u00bb button_two_bg_color__hover_enabled=\u00bboff\u00bb][\/et_pb_fullwidth_header][\/et_pb_section][et_pb_section fb_built=\u00bb1&#8243; module_class=\u00bbresum check-list\u00bb _builder_version=\u00bb4.16&#8243; global_colors_info=\u00bb{}\u00bb][et_pb_row _builder_version=\u00bb4.16&#8243; background_size=\u00bbinitial\u00bb background_position=\u00bbtop_left\u00bb background_repeat=\u00bbrepeat\u00bb global_colors_info=\u00bb{}\u00bb][et_pb_column type=\u00bb4_4&#8243; _builder_version=\u00bb4.16&#8243; custom_padding=\u00bb|||\u00bb global_colors_info=\u00bb{}\u00bb custom_padding__hover=\u00bb|||\u00bb][et_pb_text _builder_version=\u00bb4.16&#8243; global_colors_info=\u00bb{}\u00bb]<b>ASINTEL<\/b><b> est\u00e1 en el Registro de la CNMC <\/b>(Comisi\u00f3n Nacional de los Mercados y la Competencia, antes CMT) como Operador de Telecomunicaciones con el n\u00famero 163, para ofrecer los siguientes servicios:<\/p>\n<ul>\n<li><span style=\"font-weight: 400;\">Radiocomunicaciones m\u00f3viles terrestres a un grupo cerrado de usuarios.<\/span><\/li>\n<li><span style=\"font-weight: 400;\">Red que utiliza el DPR de uso com\u00fan.<\/span><\/li>\n<li><span style=\"font-weight: 400;\">Proveedor de acceso a Internet.<\/span><\/li>\n<li><span style=\"font-weight: 400;\">Revenda de capacidad de transmisi\u00f3n \/ circuitos.<\/span><\/li>\n<li><span style=\"font-weight: 400;\">Telefon\u00eda vocal para un grupo cerrado de usuarios.<\/span><\/li>\n<li><span style=\"font-weight: 400;\">Interconexi\u00f3n de redes de \u00e1rea local.<\/span><\/li>\n<li><span style=\"font-weight: 400;\">Servicio telef\u00f3nico sobre red de datos con interoperabilidad con el servicio telef\u00f3nico disponible al p\u00fablico.<\/span><\/li>\n<\/ul>\n<p>&nbsp;<\/p>\n<p><span style=\"font-weight: 400;\">Desde 2010, <strong>ASINTEL<\/strong> da a diferentes clientes de forma oficial el servicio de <strong>operador de Datos, Internet y Comunicaciones de Voz Privadas,<\/strong> a trav\u00e9s de diferentes tecnolog\u00edas, con infraestructura propia y de terceros.<\/span><br \/>\n[\/et_pb_text][\/et_pb_column][\/et_pb_row][et_pb_row column_structure=\u00bb1_3,1_3,1_3&#8243; _builder_version=\u00bb4.16&#8243; background_size=\u00bbinitial\u00bb background_position=\u00bbtop_left\u00bb background_repeat=\u00bbrepeat\u00bb global_colors_info=\u00bb{}\u00bb][et_pb_column type=\u00bb1_3&#8243; _builder_version=\u00bb4.16&#8243; custom_padding=\u00bb|||\u00bb global_colors_info=\u00bb{}\u00bb custom_padding__hover=\u00bb|||\u00bb][et_pb_image src=\u00bbhttps:\/\/asintel.net\/wp-content\/uploads\/2019\/02\/Cerdanya_vistes-copy7-copy.jpg\u00bb align_tablet=\u00bbcenter\u00bb align_phone=\u00bbcenter\u00bb align_last_edited=\u00bbon|desktop\u00bb _builder_version=\u00bb4.16&#8243; global_colors_info=\u00bb{}\u00bb][\/et_pb_image][\/et_pb_column][et_pb_column type=\u00bb1_3&#8243; _builder_version=\u00bb4.16&#8243; custom_padding=\u00bb|||\u00bb global_colors_info=\u00bb{}\u00bb custom_padding__hover=\u00bb|||\u00bb][et_pb_image src=\u00bbhttps:\/\/asintel.net\/wp-content\/uploads\/2019\/01\/Cerdanya_vistes-copy8.jpg\u00bb align_tablet=\u00bbcenter\u00bb align_phone=\u00bbcenter\u00bb align_last_edited=\u00bbon|desktop\u00bb _builder_version=\u00bb4.16&#8243; global_colors_info=\u00bb{}\u00bb][\/et_pb_image][\/et_pb_column][et_pb_column type=\u00bb1_3&#8243; _builder_version=\u00bb4.16&#8243; custom_padding=\u00bb|||\u00bb global_colors_info=\u00bb{}\u00bb custom_padding__hover=\u00bb|||\u00bb][et_pb_image src=\u00bbhttps:\/\/asintel.net\/wp-content\/uploads\/2019\/01\/Cerdanya_vistes-copy6.jpg\u00bb align_tablet=\u00bbcenter\u00bb align_phone=\u00bbcenter\u00bb align_last_edited=\u00bbon|desktop\u00bb _builder_version=\u00bb4.16&#8243; global_colors_info=\u00bb{}\u00bb][\/et_pb_image][\/et_pb_column][\/et_pb_row][\/et_pb_section][et_pb_section fb_built=\u00bb1&#8243; _builder_version=\u00bb4.16&#8243; background_color=\u00bb#f1f1f1&#8243; border_width_all=\u00bb1px\u00bb border_color_all=\u00bbrgba(51,51,51,0.2)\u00bb global_colors_info=\u00bb{}\u00bb][et_pb_row _builder_version=\u00bb4.16&#8243; global_colors_info=\u00bb{}\u00bb][et_pb_column type=\u00bb4_4&#8243; _builder_version=\u00bb4.16&#8243; custom_padding=\u00bb|||\u00bb global_colors_info=\u00bb{}\u00bb custom_padding__hover=\u00bb|||\u00bb][et_pb_text _builder_version=\u00bb4.16&#8243; global_colors_info=\u00bb{}\u00bb]<\/p>\n<p><span style=\"font-weight: 400;\">Actualmente estamos dando <strong>servicios de Datos<\/strong> a diferentes clientes situados en diferentes centros y ubicaciones, para comunicar sus servidores y redes inform\u00e1ticas de forma privada y segura (sin pasar por Internet) <strong>a trav\u00e9s de nuestra propia infraestructura y con diferentes tecnolog\u00edas,<\/strong> alguna de ellas con un servicio principal a trav\u00e9s de cable (FO), y con un back up activo a trav\u00e9s de radio enlaces.<\/span><\/p>\n<p><span style=\"font-weight: 400;\">En cualquier punto que se requiera, ASINTEL puede realizar un estudio y dise\u00f1ar una propuesta para dar servicio de Internet con la capacidad que se desee; a trav\u00e9s de infraestructura propia, o bien de terceros, con diferentes tecnolog\u00edas: Fibra \u00f3ptica, WiFi, radio enlaces, GPRS a 5G o LTE y Sat\u00e9lite.<\/span><\/p>\n<p><span style=\"font-weight: 400;\">El <strong>Servicio de Comunicaciones de Voz Privadas<\/strong>, lo estamos dando a empresas industriales u hoteles, que priorizan unas comunicaciones de voz seguras, fiables, sin interferencias, ni saturaci\u00f3n de red, ni cortes de servicio. Este servicio lo solicitan empresas que necesitan asegurar las comunicaciones de voz por <strong>falta de cobertura<\/strong>, que quieren disponer de <strong>su propia infraestructura<\/strong> para no depender de terceros, y, sobre todo, poder disponer de <strong>una red de voz segura en caso de emergencia<\/strong> que no se sature, y, de este modo, garantizar las comunicaciones de voz.<\/span><\/p>\n<p><strong>Todos los servicios los podemos ofrecer con una cuota mensual donde tambi\u00e9n se incluya el servicio de mantenimiento, y nos podemos adaptar a las necesidades de cada proyecto y cliente.<\/strong><\/p>\n<p>[\/et_pb_text][\/et_pb_column][\/et_pb_row][\/et_pb_section][et_pb_section fb_built=\u00bb1&#8243; _builder_version=\u00bb4.16&#8243; global_colors_info=\u00bb{}\u00bb][et_pb_row _builder_version=\u00bb4.16&#8243; global_colors_info=\u00bb{}\u00bb][et_pb_column type=\u00bb4_4&#8243; _builder_version=\u00bb4.16&#8243; custom_padding=\u00bb|||\u00bb global_colors_info=\u00bb{}\u00bb custom_padding__hover=\u00bb|||\u00bb][et_pb_text module_class=\u00bbresum check-list\u00bb _builder_version=\u00bb4.16&#8243; global_colors_info=\u00bb{}\u00bb]<\/p>\n<p><span style=\"font-weight: 400;\">En 2017, ASINTEL hizo un paso m\u00e1s para desarrollar el \u00e1rea inform\u00e1tica y los servicios de operador de datos e Internet. Actualmente, <strong>disponemos de nuestra propia infraestructura<\/strong> en el Data Center de TEMPLUS BCN, con conexi\u00f3n de datos e Internet, y tambi\u00e9n en el Data Center de EQUINIX BCN con conexi\u00f3n a diferentes operadores (ISP). Gracias a la colaboraci\u00f3n existente desde hace a\u00f1os con Interface Safeaccess y Innovalocal, creamos el grupo <strong>DINACLOUD y nos permite<\/strong> <strong>ofrecer a nuestros clientes diferentes servicios.<\/strong><\/span><\/p>\n<ul>\n<li style=\"font-weight: 400;\"><span style=\"font-weight: 400;\">Suministro y mantenimiento de Hardware y Software.<\/span><\/li>\n<li style=\"font-weight: 400;\"><span style=\"font-weight: 400;\">Servicio t\u00e9cnico de microinform\u00e1tica in situ o a distancia.<\/span><\/li>\n<li style=\"font-weight: 400;\"><span style=\"font-weight: 400;\">Control, gesti\u00f3n y seguridad de la red inform\u00e1tica.<\/span><\/li>\n<li style=\"font-weight: 400;\"><span style=\"font-weight: 400;\">Servicio de Internet redundante y de alta capacidad con diferentes ISP.<\/span><\/li>\n<li style=\"font-weight: 400;\"><span style=\"font-weight: 400;\">Servicios Cloud: privados, p\u00fablicos, h\u00edbridos, gestionados, de almacenaje, back up, etc.<\/span><\/li>\n<li style=\"font-weight: 400;\"><span style=\"font-weight: 400;\">Servicio de Housing con equipamiento propia del cliente o dedicado de ASINTEL, con servicio virtualizado (VPS), y con comunicaci\u00f3n compartida o dedicada.<\/span><\/li>\n<li style=\"font-weight: 400;\"><span style=\"font-weight: 400;\">Back up on-line o local con muy alta disponibilidad (HVA).<\/span><\/li>\n<li style=\"font-weight: 400;\"><span style=\"font-weight: 400;\">Servicio de datos punto a punto dedicado y privado entre sedes o servidores, conexi\u00f3n a radio o FO, con infraestructura propia.<\/span><\/li>\n<li style=\"font-weight: 400;\"><span style=\"font-weight: 400;\">Servicios de eventos con instalaci\u00f3n de redes WiFi, conexi\u00f3n a Internet y servicio t\u00e9cnico inform\u00e1tico.<\/span><\/li>\n<\/ul>\n<p>[\/et_pb_text][\/et_pb_column][\/et_pb_row][\/et_pb_section]<\/p>\n","protected":false},"excerpt":{"rendered":"<p>ASINTEL est\u00e1 en el Registro de la CNMC (Comisi\u00f3n Nacional de los Mercados y la Competencia, antes CMT) como Operador de Telecomunicaciones con el n\u00famero 163, para ofrecer los siguientes servicios: Radiocomunicaciones m\u00f3viles terrestres a un grupo cerrado de usuarios. Red que utiliza el DPR de uso com\u00fan. Proveedor de acceso a Internet. Revenda de [&hellip;]<\/p>\n","protected":false},"author":1,"featured_media":0,"parent":0,"menu_order":0,"comment_status":"closed","ping_status":"closed","template":"","meta":{"_et_pb_use_builder":"on","_et_pb_old_content":"<p>Lorem ipsum dolor sit amet, consectetur adipiscing elit, sed do eiusmod tempor incididunt ut labore et dolore magna aliqua. Ut enim ad minim veniam, quis nostrud exercitation ullamco laboris nisi ut aliquip ex ea commodo consequat. Duis aute irure dolor in reprehenderit in voluptate velit esse cillum dolore eu fugiat nulla pariatur. Excepteur sint occaecat cupidatat non proident, sunt in culpa qui officia deserunt mollit anim id est laborum.<\/p>","_et_gb_content_width":"","footnotes":""},"class_list":["post-742","page","type-page","status-publish","hentry"],"yoast_head":"<!-- This site is optimized with the Yoast SEO plugin v27.3 - https:\/\/yoast.com\/product\/yoast-seo-wordpress\/ -->\n<title>Asintel - Operador<\/title>\n<meta name=\"description\" content=\"Especialistas en Comunicaci\u00f3n\" \/>\n<meta name=\"robots\" content=\"index, follow, max-snippet:-1, max-image-preview:large, max-video-preview:-1\" \/>\n<link rel=\"canonical\" href=\"https:\/\/asintel.net\/es\/operador\/\" \/>\n<meta property=\"og:locale\" content=\"es_ES\" \/>\n<meta property=\"og:type\" content=\"article\" \/>\n<meta property=\"og:title\" content=\"Asintel - Operador\" \/>\n<meta property=\"og:description\" content=\"Especialistas en Comunicaci\u00f3n\" \/>\n<meta property=\"og:url\" content=\"https:\/\/asintel.net\/es\/operador\/\" \/>\n<meta property=\"og:site_name\" content=\"Asintel\" \/>\n<meta property=\"article:modified_time\" content=\"2025-03-19T16:54:08+00:00\" \/>\n<meta name=\"twitter:card\" content=\"summary_large_image\" \/>\n<meta name=\"twitter:label1\" content=\"Tiempo de lectura\" \/>\n\t<meta name=\"twitter:data1\" content=\"6 minutos\" \/>\n<script type=\"application\/ld+json\" class=\"yoast-schema-graph\">{\"@context\":\"https:\\\/\\\/schema.org\",\"@graph\":[{\"@type\":\"WebPage\",\"@id\":\"https:\\\/\\\/asintel.net\\\/es\\\/operador\\\/\",\"url\":\"https:\\\/\\\/asintel.net\\\/es\\\/operador\\\/\",\"name\":\"Asintel - Operador\",\"isPartOf\":{\"@id\":\"https:\\\/\\\/asintel.net\\\/#website\"},\"datePublished\":\"2018-05-11T10:17:34+00:00\",\"dateModified\":\"2025-03-19T16:54:08+00:00\",\"description\":\"Especialistas en Comunicaci\u00f3n\",\"breadcrumb\":{\"@id\":\"https:\\\/\\\/asintel.net\\\/es\\\/operador\\\/#breadcrumb\"},\"inLanguage\":\"es\",\"potentialAction\":[{\"@type\":\"ReadAction\",\"target\":[\"https:\\\/\\\/asintel.net\\\/es\\\/operador\\\/\"]}]},{\"@type\":\"BreadcrumbList\",\"@id\":\"https:\\\/\\\/asintel.net\\\/es\\\/operador\\\/#breadcrumb\",\"itemListElement\":[{\"@type\":\"ListItem\",\"position\":1,\"name\":\"Inici\",\"item\":\"https:\\\/\\\/asintel.net\\\/es\\\/\"},{\"@type\":\"ListItem\",\"position\":2,\"name\":\"Operador\"}]},{\"@type\":\"WebSite\",\"@id\":\"https:\\\/\\\/asintel.net\\\/#website\",\"url\":\"https:\\\/\\\/asintel.net\\\/\",\"name\":\"Asintel\",\"description\":\"Especialistas en Comunicaci\u00f3n\",\"publisher\":{\"@id\":\"https:\\\/\\\/asintel.net\\\/#organization\"},\"potentialAction\":[{\"@type\":\"SearchAction\",\"target\":{\"@type\":\"EntryPoint\",\"urlTemplate\":\"https:\\\/\\\/asintel.net\\\/?s={search_term_string}\"},\"query-input\":{\"@type\":\"PropertyValueSpecification\",\"valueRequired\":true,\"valueName\":\"search_term_string\"}}],\"inLanguage\":\"es\"},{\"@type\":\"Organization\",\"@id\":\"https:\\\/\\\/asintel.net\\\/#organization\",\"name\":\"ASINTEL, S.L.\",\"url\":\"https:\\\/\\\/asintel.net\\\/\",\"logo\":{\"@type\":\"ImageObject\",\"inLanguage\":\"es\",\"@id\":\"https:\\\/\\\/asintel.net\\\/#\\\/schema\\\/logo\\\/image\\\/\",\"url\":\"https:\\\/\\\/asintel.net\\\/wp-content\\\/uploads\\\/2018\\\/05\\\/logo-asintel.png\",\"contentUrl\":\"https:\\\/\\\/asintel.net\\\/wp-content\\\/uploads\\\/2018\\\/05\\\/logo-asintel.png\",\"width\":200,\"height\":58,\"caption\":\"ASINTEL, S.L.\"},\"image\":{\"@id\":\"https:\\\/\\\/asintel.net\\\/#\\\/schema\\\/logo\\\/image\\\/\"}}]}<\/script>\n<!-- \/ Yoast SEO plugin. -->","yoast_head_json":{"title":"Asintel - Operador","description":"Especialistas en Comunicaci\u00f3n","robots":{"index":"index","follow":"follow","max-snippet":"max-snippet:-1","max-image-preview":"max-image-preview:large","max-video-preview":"max-video-preview:-1"},"canonical":"https:\/\/asintel.net\/es\/operador\/","og_locale":"es_ES","og_type":"article","og_title":"Asintel - Operador","og_description":"Especialistas en Comunicaci\u00f3n","og_url":"https:\/\/asintel.net\/es\/operador\/","og_site_name":"Asintel","article_modified_time":"2025-03-19T16:54:08+00:00","twitter_card":"summary_large_image","twitter_misc":{"Tiempo de lectura":"6 minutos"},"schema":{"@context":"https:\/\/schema.org","@graph":[{"@type":"WebPage","@id":"https:\/\/asintel.net\/es\/operador\/","url":"https:\/\/asintel.net\/es\/operador\/","name":"Asintel - Operador","isPartOf":{"@id":"https:\/\/asintel.net\/#website"},"datePublished":"2018-05-11T10:17:34+00:00","dateModified":"2025-03-19T16:54:08+00:00","description":"Especialistas en Comunicaci\u00f3n","breadcrumb":{"@id":"https:\/\/asintel.net\/es\/operador\/#breadcrumb"},"inLanguage":"es","potentialAction":[{"@type":"ReadAction","target":["https:\/\/asintel.net\/es\/operador\/"]}]},{"@type":"BreadcrumbList","@id":"https:\/\/asintel.net\/es\/operador\/#breadcrumb","itemListElement":[{"@type":"ListItem","position":1,"name":"Inici","item":"https:\/\/asintel.net\/es\/"},{"@type":"ListItem","position":2,"name":"Operador"}]},{"@type":"WebSite","@id":"https:\/\/asintel.net\/#website","url":"https:\/\/asintel.net\/","name":"Asintel","description":"Especialistas en Comunicaci\u00f3n","publisher":{"@id":"https:\/\/asintel.net\/#organization"},"potentialAction":[{"@type":"SearchAction","target":{"@type":"EntryPoint","urlTemplate":"https:\/\/asintel.net\/?s={search_term_string}"},"query-input":{"@type":"PropertyValueSpecification","valueRequired":true,"valueName":"search_term_string"}}],"inLanguage":"es"},{"@type":"Organization","@id":"https:\/\/asintel.net\/#organization","name":"ASINTEL, S.L.","url":"https:\/\/asintel.net\/","logo":{"@type":"ImageObject","inLanguage":"es","@id":"https:\/\/asintel.net\/#\/schema\/logo\/image\/","url":"https:\/\/asintel.net\/wp-content\/uploads\/2018\/05\/logo-asintel.png","contentUrl":"https:\/\/asintel.net\/wp-content\/uploads\/2018\/05\/logo-asintel.png","width":200,"height":58,"caption":"ASINTEL, S.L."},"image":{"@id":"https:\/\/asintel.net\/#\/schema\/logo\/image\/"}}]}},"_links":{"self":[{"href":"https:\/\/asintel.net\/es\/wp-json\/wp\/v2\/pages\/742","targetHints":{"allow":["GET"]}}],"collection":[{"href":"https:\/\/asintel.net\/es\/wp-json\/wp\/v2\/pages"}],"about":[{"href":"https:\/\/asintel.net\/es\/wp-json\/wp\/v2\/types\/page"}],"author":[{"embeddable":true,"href":"https:\/\/asintel.net\/es\/wp-json\/wp\/v2\/users\/1"}],"replies":[{"embeddable":true,"href":"https:\/\/asintel.net\/es\/wp-json\/wp\/v2\/comments?post=742"}],"version-history":[{"count":7,"href":"https:\/\/asintel.net\/es\/wp-json\/wp\/v2\/pages\/742\/revisions"}],"predecessor-version":[{"id":2282,"href":"https:\/\/asintel.net\/es\/wp-json\/wp\/v2\/pages\/742\/revisions\/2282"}],"wp:attachment":[{"href":"https:\/\/asintel.net\/es\/wp-json\/wp\/v2\/media?parent=742"}],"curies":[{"name":"wp","href":"https:\/\/api.w.org\/{rel}","templated":true}]}}