{"id":747,"date":"2018-05-11T10:17:18","date_gmt":"2018-05-11T10:17:18","guid":{"rendered":"http:\/\/asintel.net\/telecomunicacions\/"},"modified":"2025-03-19T18:00:16","modified_gmt":"2025-03-19T17:00:16","slug":"telecomunicaciones","status":"publish","type":"page","link":"https:\/\/asintel.net\/es\/telecomunicaciones\/","title":{"rendered":"Telecomunicaciones"},"content":{"rendered":"<p>[et_pb_section fb_built=\u00bb1&#8243; fullwidth=\u00bbon\u00bb _builder_version=\u00bb4.16&#8243; global_colors_info=\u00bb{}\u00bb][et_pb_fullwidth_header title=\u00bb<b>tele<\/b>comunicaciones\u00bb text_orientation=\u00bbcenter\u00bb header_fullscreen=\u00bbon\u00bb header_scroll_down=\u00bbon\u00bb scroll_down_icon=\u00bb%%1%%\u00bb scroll_down_icon_color=\u00bb#ff0000&#8243; scroll_down_icon_size=\u00bb30px\u00bb background_overlay_color=\u00bbrgba(255,255,255,0.67)\u00bb admin_label=\u00bbT\u00edtulo p\u00e1gina\u00bb module_class=\u00bbpage-title\u00bb _builder_version=\u00bb4.16&#8243; title_text_color=\u00bb#ff0000&#8243; title_font_size=\u00bb60px\u00bb title_letter_spacing=\u00bb-4px\u00bb use_background_color_gradient=\u00bbon\u00bb background_image=\u00bbhttps:\/\/asintel.net\/wp-content\/uploads\/2019\/01\/194red.jpg\u00bb parallax=\u00bbon\u00bb parallax_method=\u00bbon\u00bb animation_style=\u00bbfade\u00bb title_font_size_tablet=\u00bb40px\u00bb title_font_size_phone=\u00bb\u00bb title_font_size_last_edited=\u00bbon|tablet\u00bb button_one_letter_spacing_hover=\u00bb0&#8243; button_two_letter_spacing_hover=\u00bb0&#8243; global_colors_info=\u00bb{}\u00bb button_one_text_size__hover_enabled=\u00bboff\u00bb button_two_text_size__hover_enabled=\u00bboff\u00bb button_one_text_color__hover_enabled=\u00bboff\u00bb button_two_text_color__hover_enabled=\u00bboff\u00bb button_one_border_width__hover_enabled=\u00bboff\u00bb button_two_border_width__hover_enabled=\u00bboff\u00bb button_one_border_color__hover_enabled=\u00bboff\u00bb button_two_border_color__hover_enabled=\u00bboff\u00bb button_one_border_radius__hover_enabled=\u00bboff\u00bb button_two_border_radius__hover_enabled=\u00bboff\u00bb button_one_letter_spacing__hover_enabled=\u00bbon\u00bb button_one_letter_spacing__hover=\u00bb0&#8243; button_two_letter_spacing__hover_enabled=\u00bbon\u00bb button_two_letter_spacing__hover=\u00bb0&#8243; button_one_bg_color__hover_enabled=\u00bboff\u00bb button_two_bg_color__hover_enabled=\u00bboff\u00bb][\/et_pb_fullwidth_header][\/et_pb_section][et_pb_section fb_built=\u00bb1&#8243; _builder_version=\u00bb4.16&#8243; global_colors_info=\u00bb{}\u00bb][et_pb_row _builder_version=\u00bb4.16&#8243; background_size=\u00bbinitial\u00bb background_position=\u00bbtop_left\u00bb background_repeat=\u00bbrepeat\u00bb global_colors_info=\u00bb{}\u00bb][et_pb_column type=\u00bb4_4&#8243; _builder_version=\u00bb4.16&#8243; custom_padding=\u00bb|||\u00bb global_colors_info=\u00bb{}\u00bb custom_padding__hover=\u00bb|||\u00bb][et_pb_text _builder_version=\u00bb4.16&#8243; global_colors_info=\u00bb{}\u00bb]<\/p>\n<p><span style=\"font-weight: 400;\"><strong>ASINTEL<\/strong> centra su actividad en el sector de las telecomunicaciones, tanto en <strong>sistemas de cable<\/strong> (\u00f3ptico y el\u00e9ctrico), como en <strong>sistemas inal\u00e1mbricos<\/strong> (PMR, DMR, TETRA, WiFi, Wimax, radioenlaces&#8230;). De este modo, damos un <strong>servicio global de comunicaciones<\/strong>. <\/span><\/p>\n<p><span style=\"font-weight: 400;\">Todos estos a\u00f1os de actividad y de aprendizaje constante nos ha permitido ir creciendo como empresa y evolucionar nuestros conocimientos en las diferentes tecnolog\u00edas, por ejemplo, en las Telecomunicaciones.<\/span><\/p>\n<p><span style=\"font-weight: 400;\">Uno de los servicios que ASINTEL realiza desde sus inicios es la de <strong>Telecontrol \/ Supervisi\u00f3n \/ Gesti\u00f3n de los sistemas y los equipos a distancia<\/strong>, a trav\u00e9s de PLC\u2019s, RTU\u2019s o remotas, radio m\u00f3dems, IP &#8211; m\u00f3dems GPRS a 5G o LTE, y sistemas de control o SCADA\u2019s.<\/span><\/p>\n<p><span style=\"font-weight: 400;\">Ser especialistas en sistemas de remotas Motorola, nos ha llevado a participar en proyectos internacionales de la mano de Radiotrans y Commtel Networks, realizando proyectos, dise\u00f1os, presupuestos, configuraciones, trabajos in situ y remotos (soporte en l\u00ednea) para diferentes pa\u00edses, en el \u00e1mbito de la industria energ\u00e9tica.<\/span><\/p>\n<p>[\/et_pb_text][\/et_pb_column][\/et_pb_row][\/et_pb_section][et_pb_section fb_built=\u00bb1&#8243; module_class=\u00bbresum check-list\u00bb _builder_version=\u00bb4.16&#8243; background_color=\u00bb#f1f1f1&#8243; border_width_all=\u00bb1px\u00bb border_color_all=\u00bbrgba(51,51,51,0.2)\u00bb global_colors_info=\u00bb{}\u00bb][et_pb_row _builder_version=\u00bb4.16&#8243; background_size=\u00bbinitial\u00bb background_position=\u00bbtop_left\u00bb background_repeat=\u00bbrepeat\u00bb global_colors_info=\u00bb{}\u00bb][et_pb_column type=\u00bb4_4&#8243; _builder_version=\u00bb4.16&#8243; custom_padding=\u00bb|||\u00bb global_colors_info=\u00bb{}\u00bb custom_padding__hover=\u00bb|||\u00bb][et_pb_text _builder_version=\u00bb4.16&#8243; global_colors_info=\u00bb{}\u00bb]<strong>Actualmente, y de forma general, realizamos trabajos de<\/strong>:<\/p>\n<ul>\n<li><span style=\"font-weight: 400;\">Asesor\u00eda, ingenier\u00eda, dise\u00f1o de infraestructuras y sistemas de comunicaciones.<\/span><\/li>\n<li>Suministros de equipos, instalaciones y puestas en marcha de sistemas de comunicaciones.<\/li>\n<li>Proyectos globales llaves en mano, desde la primera consulta, pasando por la direcci\u00f3n de obra, hasta la entrega del proyecto finalizado y documentado.<\/li>\n<li>Coberturas, medidas de campo, viabilidades y auditor\u00edas de sistemas de comunicaciones.<\/li>\n<li>Mantenimientos 24&#215;7 preventivos y correctivos de diferentes equipos, sistemas de comunicaci\u00f3n (cable o radio), e infraestructuras.<\/li>\n<li>Operador de Telecomunicaciones oficial (CNMC), que da servicios de datos, Internet y comunicaciones m\u00f3viles.<\/li>\n<\/ul>\n<p>[\/et_pb_text][\/et_pb_column][\/et_pb_row][et_pb_row _builder_version=\u00bb4.16&#8243; background_size=\u00bbinitial\u00bb background_position=\u00bbtop_left\u00bb background_repeat=\u00bbrepeat\u00bb global_colors_info=\u00bb{}\u00bb column_structure=\u00bb1_3,1_3,1_3&#8243;][et_pb_column type=\u00bb1_3&#8243; _builder_version=\u00bb4.16&#8243; custom_padding=\u00bb|||\u00bb global_colors_info=\u00bb{}\u00bb custom_padding__hover=\u00bb|||\u00bb][et_pb_image src=\u00bbhttps:\/\/asintel.net\/wp-content\/uploads\/2019\/01\/Cerdanya_vistes-copy3.jpg\u00bb align_tablet=\u00bbcenter\u00bb align_last_edited=\u00bbon|desktop\u00bb _builder_version=\u00bb4.16&#8243; global_colors_info=\u00bb{}\u00bb align_phone=\u00bbcenter\u00bb][\/et_pb_image][\/et_pb_column][et_pb_column type=\u00bb1_3&#8243; _builder_version=\u00bb4.16&#8243; custom_padding=\u00bb|||\u00bb global_colors_info=\u00bb{}\u00bb custom_padding__hover=\u00bb|||\u00bb][et_pb_image src=\u00bbhttps:\/\/asintel.net\/wp-content\/uploads\/2019\/01\/Cerdanya_vistes-copy5.jpg\u00bb align_tablet=\u00bbcenter\u00bb align_last_edited=\u00bbon|desktop\u00bb _builder_version=\u00bb4.16&#8243; global_colors_info=\u00bb{}\u00bb align_phone=\u00bbcenter\u00bb][\/et_pb_image][\/et_pb_column][et_pb_column type=\u00bb1_3&#8243; _builder_version=\u00bb4.16&#8243; custom_padding=\u00bb|||\u00bb global_colors_info=\u00bb{}\u00bb custom_padding__hover=\u00bb|||\u00bb][et_pb_image src=\u00bbhttps:\/\/asintel.net\/wp-content\/uploads\/2019\/01\/Cerdanya_vistes-copy4.jpg\u00bb align_tablet=\u00bbcenter\u00bb align_last_edited=\u00bbon|desktop\u00bb _builder_version=\u00bb4.16&#8243; global_colors_info=\u00bb{}\u00bb align_phone=\u00bbcenter\u00bb][\/et_pb_image][\/et_pb_column][\/et_pb_row][\/et_pb_section][et_pb_section fb_built=\u00bb1&#8243; _builder_version=\u00bb4.16&#8243; global_colors_info=\u00bb{}\u00bb][et_pb_row _builder_version=\u00bb4.16&#8243; background_size=\u00bbinitial\u00bb background_position=\u00bbtop_left\u00bb background_repeat=\u00bbrepeat\u00bb global_colors_info=\u00bb{}\u00bb][et_pb_column type=\u00bb4_4&#8243; _builder_version=\u00bb4.16&#8243; custom_padding=\u00bb|||\u00bb global_colors_info=\u00bb{}\u00bb custom_padding__hover=\u00bb|||\u00bb][et_pb_text _builder_version=\u00bb4.16&#8243; global_colors_info=\u00bb{}\u00bb]<\/p>\n<p><span style=\"font-weight: 400;\">Una de las actividades que m\u00e1s hemos desarrollado en los \u00faltimos a\u00f1os, conjuntamente con diferentes colaboradores, ha sido la<strong> adecuaci\u00f3n, mejora, sustituci\u00f3n, configuraci\u00f3n, ajuste y puesta en marcha de sistemas de comunicaciones para CCTV y control de acceso con FO y WiFi<\/strong>, para el control de lectura de matr\u00edculas y para vigilancia. <\/span><\/p>\n<p><span style=\"font-weight: 400;\">Desde 2010, ASINTEL da a diferentes clientes de forma oficial el servicio de operador de Datos, Internet y Comunicaciones de Voz Privadas, a trav\u00e9s de diferentes tecnolog\u00edas, con infraestructura propia y de terceros.<\/span><\/p>\n<p><b>ASINTEL<\/b><span style=\"font-weight: 400;\"><strong> es distribuidor oficial de varias marcas y equipos de telecomunicaciones<\/strong>, ya que desde su fundaci\u00f3n, la empresa siempre ha querido dar la soluci\u00f3n m\u00e1s id\u00f3nea a cada cliente, seg\u00fan sus necesidades t\u00e9cnicas y econ\u00f3micas.<\/span><\/p>\n<p><span style=\"font-weight: 400;\">Tantos a\u00f1os en el sector, nos ha permitido colaborar con diferentes distribuidores y empresas, y hoy podemos ofrecer los servicios t\u00e9cnicos desde el nivel 1 (servicio t\u00e9cnico en campo), hasta el nivel 3 (contacto directo con el fabricante), y ofrecer los servicios globales como partner de diferentes tecnolog\u00edas.<\/span><\/p>\n<p><span style=\"font-weight: 400;\">En los \u00faltimos a\u00f1os, nuestra actividad ha aumentado en el \u00e1mbito industrial, realizando dise\u00f1o, suministros, instalaciones y puesta en marcha de sistemas el\u00e9ctricos y de comunicaciones (fibra \u00f3ptica, red ETH y WiFi) en edificios de oficinas, hoteles y f\u00e1bricas. <\/span><\/p>\n<p><span style=\"font-weight: 400;\">En 2017, ASINTEL hizo un paso m\u00e1s para desarrollar el \u00e1rea inform\u00e1tica y los servicios de operador de datos e Internet. Actualmente, <strong>disponemos de nuestra propia infraestructura<\/strong> en el Data Center de TEMPLUS BCN, con conexi\u00f3n de datos e Internet, y tambi\u00e9n en el Data Center de EQUINIX BCN con conexi\u00f3n a diferentes operadores (ISP). Gracias a la colaboraci\u00f3n existente desde hace a\u00f1os con Interface Safeaccess y Innovalocal, creamos el grupo <strong>DINACLOUD y nos permite<\/strong> <strong>ofrecer a nuestros clientes diferentes servicios.<\/strong><\/span><\/p>\n<p><span style=\"font-weight: 400;\">Desde 2010, <\/span><b>ASINTEL<\/b><span style=\"font-weight: 400;\"> forma parte de diferentes grupos de empresas del sector de las telecomunicaciones y la obra civil. De esta manera, ampliamos nuestros servicios y distribuci\u00f3n a diferentes \u00e1mbitos del mercado, dando un servicio cada vez m\u00e1s global, gracias al conocimiento y al trabajo de empresas l\u00edderes del sector, con profesionales con una amplia experiencia en los diferentes \u00e1mbitos y altamente cualificados.<\/span><\/p>\n<p>[\/et_pb_text][\/et_pb_column][\/et_pb_row][\/et_pb_section]<\/p>\n","protected":false},"excerpt":{"rendered":"<p>ASINTEL centra su actividad en el sector de las telecomunicaciones, tanto en sistemas de cable (\u00f3ptico y el\u00e9ctrico), como en sistemas inal\u00e1mbricos (PMR, DMR, TETRA, WiFi, Wimax, radioenlaces&#8230;). De este modo, damos un servicio global de comunicaciones. Todos estos a\u00f1os de actividad y de aprendizaje constante nos ha permitido ir creciendo como empresa y evolucionar [&hellip;]<\/p>\n","protected":false},"author":1,"featured_media":0,"parent":0,"menu_order":0,"comment_status":"closed","ping_status":"closed","template":"","meta":{"_et_pb_use_builder":"on","_et_pb_old_content":"","_et_gb_content_width":"","footnotes":""},"class_list":["post-747","page","type-page","status-publish","hentry"],"yoast_head":"<!-- This site is optimized with the Yoast SEO plugin v27.3 - https:\/\/yoast.com\/product\/yoast-seo-wordpress\/ -->\n<title>Asintel - Telecomunicaciones<\/title>\n<meta name=\"description\" content=\"Especialistas en Comunicaci\u00f3n\" \/>\n<meta name=\"robots\" content=\"index, follow, max-snippet:-1, max-image-preview:large, max-video-preview:-1\" \/>\n<link rel=\"canonical\" href=\"https:\/\/asintel.net\/telecomunicacions\/\" \/>\n<meta property=\"og:locale\" content=\"es_ES\" \/>\n<meta property=\"og:type\" content=\"article\" \/>\n<meta property=\"og:title\" content=\"Asintel - Telecomunicaciones\" \/>\n<meta property=\"og:description\" content=\"Especialistas en Comunicaci\u00f3n\" \/>\n<meta property=\"og:url\" content=\"https:\/\/asintel.net\/telecomunicacions\/\" \/>\n<meta property=\"og:site_name\" content=\"Asintel\" \/>\n<meta property=\"article:modified_time\" content=\"2025-03-19T17:00:16+00:00\" \/>\n<meta name=\"twitter:card\" content=\"summary_large_image\" \/>\n<meta name=\"twitter:label1\" content=\"Tiempo de lectura\" \/>\n\t<meta name=\"twitter:data1\" content=\"6 minutos\" \/>\n<script type=\"application\/ld+json\" class=\"yoast-schema-graph\">{\"@context\":\"https:\\\/\\\/schema.org\",\"@graph\":[{\"@type\":\"WebPage\",\"@id\":\"https:\\\/\\\/asintel.net\\\/telecomunicacions\\\/\",\"url\":\"https:\\\/\\\/asintel.net\\\/telecomunicacions\\\/\",\"name\":\"Asintel - Telecomunicaciones\",\"isPartOf\":{\"@id\":\"https:\\\/\\\/asintel.net\\\/#website\"},\"datePublished\":\"2018-05-11T10:17:18+00:00\",\"dateModified\":\"2025-03-19T17:00:16+00:00\",\"description\":\"Especialistas en Comunicaci\u00f3n\",\"breadcrumb\":{\"@id\":\"https:\\\/\\\/asintel.net\\\/telecomunicacions\\\/#breadcrumb\"},\"inLanguage\":\"es\",\"potentialAction\":[{\"@type\":\"ReadAction\",\"target\":[\"https:\\\/\\\/asintel.net\\\/telecomunicacions\\\/\"]}]},{\"@type\":\"BreadcrumbList\",\"@id\":\"https:\\\/\\\/asintel.net\\\/telecomunicacions\\\/#breadcrumb\",\"itemListElement\":[{\"@type\":\"ListItem\",\"position\":1,\"name\":\"Inici\",\"item\":\"https:\\\/\\\/asintel.net\\\/es\\\/\"},{\"@type\":\"ListItem\",\"position\":2,\"name\":\"Telecomunicaciones\"}]},{\"@type\":\"WebSite\",\"@id\":\"https:\\\/\\\/asintel.net\\\/#website\",\"url\":\"https:\\\/\\\/asintel.net\\\/\",\"name\":\"Asintel\",\"description\":\"Especialistas en Comunicaci\u00f3n\",\"publisher\":{\"@id\":\"https:\\\/\\\/asintel.net\\\/#organization\"},\"potentialAction\":[{\"@type\":\"SearchAction\",\"target\":{\"@type\":\"EntryPoint\",\"urlTemplate\":\"https:\\\/\\\/asintel.net\\\/?s={search_term_string}\"},\"query-input\":{\"@type\":\"PropertyValueSpecification\",\"valueRequired\":true,\"valueName\":\"search_term_string\"}}],\"inLanguage\":\"es\"},{\"@type\":\"Organization\",\"@id\":\"https:\\\/\\\/asintel.net\\\/#organization\",\"name\":\"ASINTEL, S.L.\",\"url\":\"https:\\\/\\\/asintel.net\\\/\",\"logo\":{\"@type\":\"ImageObject\",\"inLanguage\":\"es\",\"@id\":\"https:\\\/\\\/asintel.net\\\/#\\\/schema\\\/logo\\\/image\\\/\",\"url\":\"https:\\\/\\\/asintel.net\\\/wp-content\\\/uploads\\\/2018\\\/05\\\/logo-asintel.png\",\"contentUrl\":\"https:\\\/\\\/asintel.net\\\/wp-content\\\/uploads\\\/2018\\\/05\\\/logo-asintel.png\",\"width\":200,\"height\":58,\"caption\":\"ASINTEL, S.L.\"},\"image\":{\"@id\":\"https:\\\/\\\/asintel.net\\\/#\\\/schema\\\/logo\\\/image\\\/\"}}]}<\/script>\n<!-- \/ Yoast SEO plugin. -->","yoast_head_json":{"title":"Asintel - Telecomunicaciones","description":"Especialistas en Comunicaci\u00f3n","robots":{"index":"index","follow":"follow","max-snippet":"max-snippet:-1","max-image-preview":"max-image-preview:large","max-video-preview":"max-video-preview:-1"},"canonical":"https:\/\/asintel.net\/telecomunicacions\/","og_locale":"es_ES","og_type":"article","og_title":"Asintel - Telecomunicaciones","og_description":"Especialistas en Comunicaci\u00f3n","og_url":"https:\/\/asintel.net\/telecomunicacions\/","og_site_name":"Asintel","article_modified_time":"2025-03-19T17:00:16+00:00","twitter_card":"summary_large_image","twitter_misc":{"Tiempo de lectura":"6 minutos"},"schema":{"@context":"https:\/\/schema.org","@graph":[{"@type":"WebPage","@id":"https:\/\/asintel.net\/telecomunicacions\/","url":"https:\/\/asintel.net\/telecomunicacions\/","name":"Asintel - Telecomunicaciones","isPartOf":{"@id":"https:\/\/asintel.net\/#website"},"datePublished":"2018-05-11T10:17:18+00:00","dateModified":"2025-03-19T17:00:16+00:00","description":"Especialistas en Comunicaci\u00f3n","breadcrumb":{"@id":"https:\/\/asintel.net\/telecomunicacions\/#breadcrumb"},"inLanguage":"es","potentialAction":[{"@type":"ReadAction","target":["https:\/\/asintel.net\/telecomunicacions\/"]}]},{"@type":"BreadcrumbList","@id":"https:\/\/asintel.net\/telecomunicacions\/#breadcrumb","itemListElement":[{"@type":"ListItem","position":1,"name":"Inici","item":"https:\/\/asintel.net\/es\/"},{"@type":"ListItem","position":2,"name":"Telecomunicaciones"}]},{"@type":"WebSite","@id":"https:\/\/asintel.net\/#website","url":"https:\/\/asintel.net\/","name":"Asintel","description":"Especialistas en Comunicaci\u00f3n","publisher":{"@id":"https:\/\/asintel.net\/#organization"},"potentialAction":[{"@type":"SearchAction","target":{"@type":"EntryPoint","urlTemplate":"https:\/\/asintel.net\/?s={search_term_string}"},"query-input":{"@type":"PropertyValueSpecification","valueRequired":true,"valueName":"search_term_string"}}],"inLanguage":"es"},{"@type":"Organization","@id":"https:\/\/asintel.net\/#organization","name":"ASINTEL, S.L.","url":"https:\/\/asintel.net\/","logo":{"@type":"ImageObject","inLanguage":"es","@id":"https:\/\/asintel.net\/#\/schema\/logo\/image\/","url":"https:\/\/asintel.net\/wp-content\/uploads\/2018\/05\/logo-asintel.png","contentUrl":"https:\/\/asintel.net\/wp-content\/uploads\/2018\/05\/logo-asintel.png","width":200,"height":58,"caption":"ASINTEL, S.L."},"image":{"@id":"https:\/\/asintel.net\/#\/schema\/logo\/image\/"}}]}},"_links":{"self":[{"href":"https:\/\/asintel.net\/es\/wp-json\/wp\/v2\/pages\/747","targetHints":{"allow":["GET"]}}],"collection":[{"href":"https:\/\/asintel.net\/es\/wp-json\/wp\/v2\/pages"}],"about":[{"href":"https:\/\/asintel.net\/es\/wp-json\/wp\/v2\/types\/page"}],"author":[{"embeddable":true,"href":"https:\/\/asintel.net\/es\/wp-json\/wp\/v2\/users\/1"}],"replies":[{"embeddable":true,"href":"https:\/\/asintel.net\/es\/wp-json\/wp\/v2\/comments?post=747"}],"version-history":[{"count":6,"href":"https:\/\/asintel.net\/es\/wp-json\/wp\/v2\/pages\/747\/revisions"}],"predecessor-version":[{"id":2285,"href":"https:\/\/asintel.net\/es\/wp-json\/wp\/v2\/pages\/747\/revisions\/2285"}],"wp:attachment":[{"href":"https:\/\/asintel.net\/es\/wp-json\/wp\/v2\/media?parent=747"}],"curies":[{"name":"wp","href":"https:\/\/api.w.org\/{rel}","templated":true}]}}